{"id":3359,"date":"2025-03-10T13:27:12","date_gmt":"2025-03-10T12:27:12","guid":{"rendered":"https:\/\/babelegance.ma\/?post_type=product&#038;p=3359"},"modified":"2026-05-13T20:07:58","modified_gmt":"2026-05-13T19:07:58","slug":"ensemble-en-crepe-de-soie-avec-haut-et-pantalon","status":"publish","type":"product","link":"https:\/\/babelegance.ma\/ar\/product\/ensemble-en-crepe-de-soie-avec-haut-et-pantalon\/","title":{"rendered":"Ensemble en cr\u00eape de soie avec haut et pantalon"},"content":{"rendered":"<h2 data-start=\"747\" data-end=\"824\">\ud83d\udecd\ufe0f <strong data-start=\"753\" data-end=\"824\">Ensemble Galant Vert en Cr\u00eape de Soie : un look chic et confortable<\/strong><\/h2>\n<h3 data-start=\"826\" data-end=\"911\">\u2728 Un ensemble en cr\u00eape de soie avec haut et pantalon d\u2019une \u00e9l\u00e9gance intemporelle<\/h3>\n<p data-start=\"912\" data-end=\"1266\"><strong>L\u2019Ensemble Galant Vert en cr\u00eape de soie avec haut et pantalon<\/strong> allie \u00e9l\u00e9gance, confort et modernit\u00e9. Confectionn\u00e9 dans un tissu fluide et l\u00e9ger, il sublime chaque silhouette gr\u00e2ce \u00e0 sa coupe \u00e9pur\u00e9e et harmonieuse. <strong data-start=\"1129\" data-end=\"1140\">De plus<\/strong>, sa mati\u00e8re douce et soyeuse assure un tomb\u00e9 parfait, <strong data-start=\"1195\" data-end=\"1228\">id\u00e9al pour un style distingu\u00e9<\/strong> aussi bien en journ\u00e9e qu\u2019en soir\u00e9e.<\/p>\n<h3 data-start=\"1268\" data-end=\"1321\">\ud83c\udf3f Trois pi\u00e8ces pour un style chic et harmonieux<\/h3>\n<p data-start=\"1322\" data-end=\"1475\">Cet <strong data-start=\"1326\" data-end=\"1355\">ensemble en cr\u00eape de soie<\/strong> se compose de trois \u00e9l\u00e9ments essentiels, <strong data-start=\"1397\" data-end=\"1439\">pens\u00e9s pour cr\u00e9er un \u00e9quilibre parfait<\/strong> entre sophistication et confort :<\/p>\n<h3>\ud83d\udc5a Un haut fluide et a\u00e9rien pour une allure l\u00e9g\u00e8re<\/h3>\n<p data-start=\"1534\" data-end=\"1721\">Ce haut ample en cr\u00eape de soie offre une libert\u00e9 de mouvement incomparable. <strong data-start=\"1610\" data-end=\"1619\">Ainsi<\/strong>, sa coupe fluide cr\u00e9e un effet \u00e9l\u00e9gant et naturel, parfait pour un tomb\u00e9 d\u00e9licat sur la silhouette.<\/p>\n<h3 data-start=\"1723\" data-end=\"1774\">\ud83d\udc56 Un pantalon ajust\u00e9 pour un confort parfait<\/h3>\n<p data-start=\"1775\" data-end=\"1932\">Le pantalon chic et ajust\u00e9 \u00e9pouse les formes sans les contraindre. <strong data-start=\"1842\" data-end=\"1854\">En effet<\/strong>, il garantit un confort optimal tout en soulignant subtilement les courbes.<\/p>\n<h3 data-start=\"1934\" data-end=\"1989\">\ud83c\udf80 Une ceinture assortie pour une touche raffin\u00e9e<\/h3>\n<p data-start=\"1990\" data-end=\"2138\"><strong data-start=\"1990\" data-end=\"1999\">Enfin<\/strong>, la ceinture en soie assortie permet de structurer la taille, tout en ajoutant une touche de sophistication et de f\u00e9minit\u00e9 \u00e0 l\u2019ensemble.<\/p>\n<h3 data-start=\"2140\" data-end=\"2215\">\ud83d\udc8e Un ensemble en cr\u00eape de soie femme \u00e0 la fois raffin\u00e9 et confortable<\/h3>\n<p data-start=\"2216\" data-end=\"2590\">Gr\u00e2ce \u00e0 sa mati\u00e8re noble, cet <strong data-start=\"2246\" data-end=\"2281\">ensemble en cr\u00eape de soie femme<\/strong> procure une sensation agr\u00e9able sur la peau. <strong data-start=\"2326\" data-end=\"2337\">De plus<\/strong>, le cr\u00eape de soie est reconnu pour sa l\u00e9g\u00e8ret\u00e9, sa souplesse et sa capacit\u00e9 \u00e0 sublimer toutes les morphologies.<br data-start=\"2449\" data-end=\"2452\" \/>Son coloris vert profond symbolise l\u2019\u00e9quilibre, la nature et la distinction, ce qui en fait une pi\u00e8ce \u00e0 la fois intemporelle et moderne.<\/p>\n<h3 data-start=\"2592\" data-end=\"2641\">\ud83d\udc57 Pourquoi choisir l\u2019Ensemble Galant Vert ?<\/h3>\n<p data-start=\"2642\" data-end=\"2933\"><strong data-start=\"2642\" data-end=\"2651\">Ainsi<\/strong>, que ce soit pour une soir\u00e9e \u00e9l\u00e9gante, une c\u00e9r\u00e9monie ou une journ\u00e9e au bureau, cet <strong data-start=\"2735\" data-end=\"2786\">ensemble en cr\u00eape de soie avec haut et pantalon<\/strong> s\u2019impose comme une tenue incontournable.<br data-start=\"2827\" data-end=\"2830\" \/><strong data-start=\"2830\" data-end=\"2846\">Par ailleurs<\/strong>, sa confection soign\u00e9e et ses finitions de qualit\u00e9 garantissent un rendu impeccable.<\/p>\n<h3 data-start=\"2935\" data-end=\"2956\">\u2714\ufe0f Ses atouts :<\/h3>\n<ul>\n<li data-start=\"2959\" data-end=\"3031\">Tissu en cr\u00eape de soie fluide et l\u00e9ger, id\u00e9al pour un confort optimal.<\/li>\n<li data-start=\"2959\" data-end=\"3031\">Ensemble trois pi\u00e8ces harmonieux : haut, pantalon et ceinture assortie.<\/li>\n<li data-start=\"2959\" data-end=\"3031\">Parfait pour un look chic au quotidien ou une occasion habill\u00e9e.<\/li>\n<li data-start=\"2959\" data-end=\"3031\">Confection haut de gamme et finitions pr\u00e9cises.<\/li>\n<\/ul>\n<h3 data-start=\"3299\" data-end=\"3366\">\ud83d\udca1 Comment porter votre ensemble en cr\u00eape de soie avec style ?<\/h3>\n<p data-start=\"3367\" data-end=\"3743\"><strong data-start=\"3367\" data-end=\"3385\">Pour commencer<\/strong>, associez cet <strong data-start=\"3400\" data-end=\"3451\">ensemble en cr\u00eape de soie avec haut et pantalon<\/strong>,\u00a0\u00e0 des <strong data-start=\"3458\" data-end=\"3471\">escarpins<\/strong> ou des <strong data-start=\"3479\" data-end=\"3504\">sandales minimalistes<\/strong> pour un look sophistiqu\u00e9.<br data-start=\"3530\" data-end=\"3533\" \/><strong data-start=\"3533\" data-end=\"3567\">Pour un rendu plus d\u00e9contract\u00e9<\/strong>, optez plut\u00f4t pour des <strong data-start=\"3591\" data-end=\"3611\">baskets blanches<\/strong> et un <strong data-start=\"3618\" data-end=\"3633\">sac en cuir<\/strong> assorti.<br data-start=\"3642\" data-end=\"3645\" \/><strong data-start=\"3645\" data-end=\"3654\">Enfin<\/strong>, ajoutez quelques <strong data-start=\"3673\" data-end=\"3689\">bijoux dor\u00e9s<\/strong> pour sublimer votre tenue avec \u00e9l\u00e9gance et finesse.<\/p>\n<h3 data-start=\"145\" data-end=\"165\">\ud83d\udd17 Liens internes et externes utiles<\/h3>\n<p data-start=\"208\" data-end=\"364\">\ud83c\udf38 <strong data-start=\"211\" data-end=\"271\">D\u00e9couvrez notre collection compl\u00e8te d\u2019Ensembles \u00e9l\u00e9gants<\/strong> dans la sous rubrique <strong><a href=\"https:\/\/babelegance.ma\/product-category\/chic-tradition\/ensembles-chic-tradition\/\" target=\"_blank\" rel=\"noopener\">Chic Tradition &gt; Ensembles<\/a><\/strong>\u00a0et trouvez la tenue id\u00e9ale pour chaque occasion.<\/p>\n<p data-start=\"208\" data-end=\"364\">\ud83c\udf38 <strong>Consultez\u00a0une panoplie de tenues traditionnelles<\/strong>\u00a0dans la rubrique <strong><a href=\"https:\/\/babelegance.ma\/product-category\/chic-tradition\/\" target=\"_blank\" rel=\"noopener\">Chic Tradition<\/a><\/strong> et d\u00e9nichez votre tenue id\u00e9ale pour chaque occasion.<\/p>\n<p data-start=\"208\" data-end=\"364\">\ud83c\udf38 Pour tous savoir sur le <strong>Cr\u00eape de soie<\/strong> : <a href=\"https:\/\/babelegance.ma\/2026\/03\/30\/les-secrets-du-crepe-de-soie-dans-la-mode-feminine\/\" target=\"_blank\" rel=\"noopener\"><strong>Les secrets du cr\u00eape de soie dans la mode f\u00e9minine<\/strong><\/a><\/p>\n<p data-start=\"208\" data-end=\"364\"><!--\/data\/user\/0\/com.samsung.android.app.notes\/files\/clipdata\/clipdata_bodytext_260411_212821_988.sdocx--><\/p>\n<p data-start=\"366\" data-end=\"497\">\u2728 Apprenez en<strong data-start=\"368\" data-end=\"414\"> davantage sur le cr\u00eape de soie<\/strong>, un tissu \u00e0 la fois fluide et raffin\u00e9, en lisant <strong><a href=\"https:\/\/sino-silk.fr\/qu%27est-ce-que-le-tissu-cr%C3%AApe\/\" target=\"_blank\" rel=\"noopener\">Les secrets du cr\u00eape de soie<\/a><\/strong><\/p>\n<p data-start=\"499\" data-end=\"585\">\ud83d\udcf8 <strong>Retrouvez<\/strong> toutes nos nouveaut\u00e9s et inspirations sur <strong data-start=\"554\" data-end=\"582\">Instagram : <a href=\"https:\/\/instagram.com\/babelegance\" target=\"_blank\" rel=\"noopener\">BAB Elegance<\/a><\/strong><\/p>\n<p data-start=\"587\" data-end=\"681\">\ud83c\udfa5 Et pour plus de style et d\u2019authenticit\u00e9, <strong>Suivez-nous<\/strong> aussi sur <strong data-start=\"653\" data-end=\"678\">TikTok : <a href=\"https:\/\/www.tiktok.com\/@bab.elegance?_t=8rc5VscUedr&amp;_r=1\" target=\"_blank\" rel=\"noopener\">BAB Elegance<\/a><\/strong><\/p>","protected":false},"excerpt":{"rendered":"<p data-start=\"242\" data-end=\"568\">\u2728 <strong data-start=\"244\" data-end=\"288\">Optez pour un look raffin\u00e9 et intemporel<\/strong> \u2728<\/p>\n<p data-start=\"242\" data-end=\"568\">Craquez pour notre <strong data-start=\"312\" data-end=\"341\">ensemble en cr\u00eape de soie<\/strong>, compos\u00e9 d\u2019un <strong data-start=\"356\" data-end=\"371\">haut fluide<\/strong>, d\u2019un <strong data-start=\"378\" data-end=\"398\">pantalon \u00e9l\u00e9gant<\/strong> et d\u2019une <strong data-start=\"408\" data-end=\"437\">ceinture assortie en soie<\/strong>.<\/p>\n<p data-start=\"242\" data-end=\"568\">Un <strong data-start=\"444\" data-end=\"495\">m\u00e9lange parfait entre confort et sophistication<\/strong>, id\u00e9al pour vos <strong data-start=\"512\" data-end=\"535\">occasions sp\u00e9ciales<\/strong> ou vos <strong data-start=\"543\" data-end=\"563\">journ\u00e9es styl\u00e9es<\/strong> \ud83c\udf38<\/p>\n<p data-start=\"570\" data-end=\"623\">\ud83d\udccf Tailles disponibles : <strong>42, 44 et 48<\/strong><\/p>\n<p data-start=\"570\" data-end=\"623\">\ud83d\udcb0 <strong>Prix : 649 DH<\/strong><\/p>\n<p data-start=\"570\" data-end=\"623\">\u26a0\ufe0f <strong>N.B : Offre valable dans la limite du stock disponible<\/strong><\/p>\n<p data-start=\"622\" data-end=\"696\"><img decoding=\"async\" class=\"emoji ls-is-cached lazyloaded\" role=\"img\" src=\"https:\/\/s.w.org\/images\/core\/emoji\/15.0.3\/svg\/1f49a.svg\" alt=\"\ud83d\udc9a\" data-src=\"https:\/\/s.w.org\/images\/core\/emoji\/15.0.3\/svg\/1f49a.svg\" \/>\u00a0<strong data-start=\"625\" data-end=\"694\">L\u2019\u00e9l\u00e9gance marocaine sign\u00e9e BAB Elegance \u2014 le charme du fait main.<\/strong><\/p>\n<p data-start=\"625\" data-end=\"714\">\ud83d\udc49 D\u00e9couvrez la collection sur <a href=\"http:\/\/www.babelegance.ma\" target=\"_blank\" rel=\"noopener\"><strong data-start=\"998\" data-end=\"1016\">babelegance.ma<\/strong><\/a> et laissez parler votre style !<\/p>\n<p data-start=\"625\" data-end=\"714\">\ud83d\udc47 <strong>S\u00e9lectionnez votre taille<\/strong><\/p>","protected":false},"featured_media":3360,"comment_status":"open","ping_status":"closed","template":"","meta":{"om_disable_all_campaigns":false,"_monsterinsights_skip_tracking":false,"_monsterinsights_sitenote_active":false,"_monsterinsights_sitenote_note":"","_monsterinsights_sitenote_category":0,"_uf_show_specific_survey":0,"_uf_disable_surveys":false},"product_brand":[2237],"product_cat":[154,222],"product_tag":[2502,2519,2523,2526,2515,2533,2514,2531,2520,2525,2517,2527,2535,2536,2537,311,2455,2534,2518,2532,2522,2528,2524,2530,2521],"class_list":{"0":"post-3359","1":"product","2":"type-product","3":"status-publish","4":"has-post-thumbnail","6":"product_brand-bab-elegance","7":"product_cat-chic-tradition","8":"product_cat-ensembles-chic-tradition","9":"product_tag-ensemble-3-pieces-femme","10":"product_tag-ensemble-ceinture-assortie","11":"product_tag-ensemble-ceremonie-femme","12":"product_tag-ensemble-confortable-femme","13":"product_tag-ensemble-crepe-de-soie","14":"product_tag-ensemble-feminin-moderne","15":"product_tag-ensemble-femme-chic","16":"product_tag-ensemble-fluide-elegant","17":"product_tag-ensemble-fluide-femme","18":"product_tag-ensemble-habille-femme","19":"product_tag-ensemble-haut-pantalon-femme","20":"product_tag-ensemble-pantalon-chic","21":"product_tag-ensemble-style-femme","22":"product_tag-ensemble-vert-elegant","23":"product_tag-ensemble-vert-femme","24":"product_tag-mode-femme-elegante","25":"product_tag-tenue-chic-femme","26":"product_tag-tenue-classe-femme","27":"product_tag-tenue-femme-elegante","28":"product_tag-tenue-femme-tendance","29":"product_tag-tenue-marocaine-moderne","30":"product_tag-tenue-raffinee-femme","31":"product_tag-tenue-soiree-femme","32":"product_tag-vetement-chic-quotidien","33":"product_tag-vetement-femme-moderne","34":"product_shipping_class-cod-free","35":"ts_product_brand-bab-elegance","37":"first","38":"instock","39":"sale","40":"shipping-taxable","41":"purchasable","42":"product-type-variable","43":"add-to-wishlist-after_add_to_cart"},"yoast_head":"<!-- This site is optimized with the Yoast SEO plugin v27.5 - https:\/\/yoast.com\/product\/yoast-seo-wordpress\/ -->\n<title>Ensemble en cr\u00eape de soie avec haut et pantalon - Bab Elegance<\/title>\n<meta name=\"description\" content=\"Raffin\u00e9 et fluide, l\u2019Ensemble Galant Vert en cr\u00eape de soie est compos\u00e9 d\u2019un haut, d\u2019un pantalon et d\u2019une ceinture assortie.\" \/>\n<meta name=\"robots\" content=\"index, follow, max-snippet:-1, max-image-preview:large, max-video-preview:-1\" \/>\n<link rel=\"canonical\" href=\"https:\/\/babelegance.ma\/ar\/product\/ensemble-en-crepe-de-soie-avec-haut-et-pantalon\/\" \/>\n<meta property=\"og:locale\" content=\"ar_AR\" \/>\n<meta property=\"og:type\" content=\"article\" \/>\n<meta property=\"og:title\" content=\"Ensemble en cr\u00eape de soie avec haut et pantalon\" \/>\n<meta property=\"og:description\" content=\"Raffin\u00e9 et fluide, l\u2019Ensemble Galant Vert en cr\u00eape de soie est compos\u00e9 d\u2019un haut, d\u2019un pantalon et d\u2019une ceinture assortie.\" \/>\n<meta property=\"og:url\" content=\"https:\/\/babelegance.ma\/ar\/product\/ensemble-en-crepe-de-soie-avec-haut-et-pantalon\/\" \/>\n<meta property=\"og:site_name\" content=\"Bab Elegance\" \/>\n<meta property=\"article:publisher\" content=\"https:\/\/facebook.com\/babelegance\" \/>\n<meta property=\"article:modified_time\" content=\"2026-05-13T19:07:58+00:00\" \/>\n<meta property=\"og:image\" content=\"http:\/\/babelegance.ma\/wp-content\/uploads\/2025\/03\/14.jpg\" \/>\n\t<meta property=\"og:image:width\" content=\"960\" \/>\n\t<meta property=\"og:image:height\" content=\"1280\" \/>\n\t<meta property=\"og:image:type\" content=\"image\/jpeg\" \/>\n<meta name=\"twitter:card\" content=\"summary_large_image\" \/>\n<meta name=\"twitter:title\" content=\"Ensemble en cr\u00eape de soie avec haut et pantalon\" \/>\n<meta name=\"twitter:description\" content=\"Raffin\u00e9 et fluide, l\u2019Ensemble Galant Vert en cr\u00eape de soie est compos\u00e9 d\u2019un haut, d\u2019un pantalon et d\u2019une ceinture assortie.\" \/>\n<meta name=\"twitter:image\" content=\"https:\/\/babelegance.ma\/wp-content\/uploads\/2025\/03\/14.jpg\" \/>\n<meta name=\"twitter:label1\" content=\"\u0648\u0642\u062a \u0627\u0644\u0642\u0631\u0627\u0621\u0629 \u0627\u0644\u0645\u064f\u0642\u062f\u0651\u0631\" \/>\n\t<meta name=\"twitter:data1\" content=\"4 \u062f\u0642\u0627\u0626\u0642\" \/>\n<script type=\"application\/ld+json\" class=\"yoast-schema-graph\">{\"@context\":\"https:\\\/\\\/schema.org\",\"@graph\":[{\"@type\":\"WebPage\",\"@id\":\"https:\\\/\\\/babelegance.ma\\\/product\\\/ensemble-en-crepe-de-soie-avec-haut-et-pantalon\\\/\",\"url\":\"https:\\\/\\\/babelegance.ma\\\/product\\\/ensemble-en-crepe-de-soie-avec-haut-et-pantalon\\\/\",\"name\":\"Ensemble en cr\u00eape de soie avec haut et pantalon - Bab Elegance\",\"isPartOf\":{\"@id\":\"https:\\\/\\\/babelegance.ma\\\/#website\"},\"primaryImageOfPage\":{\"@id\":\"https:\\\/\\\/babelegance.ma\\\/product\\\/ensemble-en-crepe-de-soie-avec-haut-et-pantalon\\\/#primaryimage\"},\"image\":{\"@id\":\"https:\\\/\\\/babelegance.ma\\\/product\\\/ensemble-en-crepe-de-soie-avec-haut-et-pantalon\\\/#primaryimage\"},\"thumbnailUrl\":\"https:\\\/\\\/babelegance.ma\\\/wp-content\\\/uploads\\\/2025\\\/03\\\/14.jpg\",\"datePublished\":\"2025-03-10T12:27:12+00:00\",\"dateModified\":\"2026-05-13T19:07:58+00:00\",\"description\":\"Raffin\u00e9 et fluide, l\u2019Ensemble Galant Vert en cr\u00eape de soie est compos\u00e9 d\u2019un haut, d\u2019un pantalon et d\u2019une ceinture assortie.\",\"breadcrumb\":{\"@id\":\"https:\\\/\\\/babelegance.ma\\\/product\\\/ensemble-en-crepe-de-soie-avec-haut-et-pantalon\\\/#breadcrumb\"},\"inLanguage\":\"ar\",\"potentialAction\":[{\"@type\":\"ReadAction\",\"target\":[\"https:\\\/\\\/babelegance.ma\\\/product\\\/ensemble-en-crepe-de-soie-avec-haut-et-pantalon\\\/\"]}]},{\"@type\":\"ImageObject\",\"inLanguage\":\"ar\",\"@id\":\"https:\\\/\\\/babelegance.ma\\\/product\\\/ensemble-en-crepe-de-soie-avec-haut-et-pantalon\\\/#primaryimage\",\"url\":\"https:\\\/\\\/babelegance.ma\\\/wp-content\\\/uploads\\\/2025\\\/03\\\/14.jpg\",\"contentUrl\":\"https:\\\/\\\/babelegance.ma\\\/wp-content\\\/uploads\\\/2025\\\/03\\\/14.jpg\",\"width\":960,\"height\":1280,\"caption\":\"Ensemble Galant Vert en cr\u00eape de soie avec haut, pantalon et ceinture assortie\"},{\"@type\":\"BreadcrumbList\",\"@id\":\"https:\\\/\\\/babelegance.ma\\\/product\\\/ensemble-en-crepe-de-soie-avec-haut-et-pantalon\\\/#breadcrumb\",\"itemListElement\":[{\"@type\":\"ListItem\",\"position\":1,\"name\":\"Accueil\",\"item\":\"https:\\\/\\\/babelegance.ma\\\/\"},{\"@type\":\"ListItem\",\"position\":2,\"name\":\"Shop\",\"item\":\"https:\\\/\\\/babelegance.ma\\\/shop\\\/\"},{\"@type\":\"ListItem\",\"position\":3,\"name\":\"Ensemble en cr\u00eape de soie avec haut et pantalon\"}]},{\"@type\":\"WebSite\",\"@id\":\"https:\\\/\\\/babelegance.ma\\\/#website\",\"url\":\"https:\\\/\\\/babelegance.ma\\\/\",\"name\":\"Bab Elegance\",\"description\":\"Votre univers de mode\",\"publisher\":{\"@id\":\"https:\\\/\\\/babelegance.ma\\\/#organization\"},\"potentialAction\":[{\"@type\":\"SearchAction\",\"target\":{\"@type\":\"EntryPoint\",\"urlTemplate\":\"https:\\\/\\\/babelegance.ma\\\/?s={search_term_string}\"},\"query-input\":{\"@type\":\"PropertyValueSpecification\",\"valueRequired\":true,\"valueName\":\"search_term_string\"}}],\"inLanguage\":\"ar\"},{\"@type\":\"Organization\",\"@id\":\"https:\\\/\\\/babelegance.ma\\\/#organization\",\"name\":\"BAB elegance\",\"url\":\"https:\\\/\\\/babelegance.ma\\\/\",\"logo\":{\"@type\":\"ImageObject\",\"inLanguage\":\"ar\",\"@id\":\"https:\\\/\\\/babelegance.ma\\\/#\\\/schema\\\/logo\\\/image\\\/\",\"url\":\"https:\\\/\\\/babelegance.ma\\\/wp-content\\\/uploads\\\/2022\\\/07\\\/logo-bab-elegance-2.png\",\"contentUrl\":\"https:\\\/\\\/babelegance.ma\\\/wp-content\\\/uploads\\\/2022\\\/07\\\/logo-bab-elegance-2.png\",\"width\":146,\"height\":94,\"caption\":\"BAB elegance\"},\"image\":{\"@id\":\"https:\\\/\\\/babelegance.ma\\\/#\\\/schema\\\/logo\\\/image\\\/\"},\"sameAs\":[\"https:\\\/\\\/facebook.com\\\/babelegance\",\"https:\\\/\\\/instagram.com\\\/babelegance\",\"https:\\\/\\\/www.youtube.com\\\/channel\\\/UCE3JJFA5VbCxy69txuxJcHQ\",\"http:\\\/\\\/vm.tiktok.com\\\/ZSedvx3Gt\\\/\"]}]}<\/script>\n<!-- \/ Yoast SEO plugin. -->","yoast_head_json":{"title":"Ensemble en cr\u00eape de soie avec haut et pantalon - Bab Elegance","description":"Raffin\u00e9 et fluide, l\u2019Ensemble Galant Vert en cr\u00eape de soie est compos\u00e9 d\u2019un haut, d\u2019un pantalon et d\u2019une ceinture assortie.","robots":{"index":"index","follow":"follow","max-snippet":"max-snippet:-1","max-image-preview":"max-image-preview:large","max-video-preview":"max-video-preview:-1"},"canonical":"https:\/\/babelegance.ma\/ar\/product\/ensemble-en-crepe-de-soie-avec-haut-et-pantalon\/","og_locale":"ar_AR","og_type":"article","og_title":"Ensemble en cr\u00eape de soie avec haut et pantalon","og_description":"Raffin\u00e9 et fluide, l\u2019Ensemble Galant Vert en cr\u00eape de soie est compos\u00e9 d\u2019un haut, d\u2019un pantalon et d\u2019une ceinture assortie.","og_url":"https:\/\/babelegance.ma\/ar\/product\/ensemble-en-crepe-de-soie-avec-haut-et-pantalon\/","og_site_name":"Bab Elegance","article_publisher":"https:\/\/facebook.com\/babelegance","article_modified_time":"2026-05-13T19:07:58+00:00","og_image":[{"width":960,"height":1280,"url":"http:\/\/babelegance.ma\/wp-content\/uploads\/2025\/03\/14.jpg","type":"image\/jpeg"}],"twitter_card":"summary_large_image","twitter_title":"Ensemble en cr\u00eape de soie avec haut et pantalon","twitter_description":"Raffin\u00e9 et fluide, l\u2019Ensemble Galant Vert en cr\u00eape de soie est compos\u00e9 d\u2019un haut, d\u2019un pantalon et d\u2019une ceinture assortie.","twitter_image":"https:\/\/babelegance.ma\/wp-content\/uploads\/2025\/03\/14.jpg","twitter_misc":{"\u0648\u0642\u062a \u0627\u0644\u0642\u0631\u0627\u0621\u0629 \u0627\u0644\u0645\u064f\u0642\u062f\u0651\u0631":"4 \u062f\u0642\u0627\u0626\u0642"},"schema":{"@context":"https:\/\/schema.org","@graph":[{"@type":"WebPage","@id":"https:\/\/babelegance.ma\/product\/ensemble-en-crepe-de-soie-avec-haut-et-pantalon\/","url":"https:\/\/babelegance.ma\/product\/ensemble-en-crepe-de-soie-avec-haut-et-pantalon\/","name":"Ensemble en cr\u00eape de soie avec haut et pantalon - Bab Elegance","isPartOf":{"@id":"https:\/\/babelegance.ma\/#website"},"primaryImageOfPage":{"@id":"https:\/\/babelegance.ma\/product\/ensemble-en-crepe-de-soie-avec-haut-et-pantalon\/#primaryimage"},"image":{"@id":"https:\/\/babelegance.ma\/product\/ensemble-en-crepe-de-soie-avec-haut-et-pantalon\/#primaryimage"},"thumbnailUrl":"https:\/\/babelegance.ma\/wp-content\/uploads\/2025\/03\/14.jpg","datePublished":"2025-03-10T12:27:12+00:00","dateModified":"2026-05-13T19:07:58+00:00","description":"Raffin\u00e9 et fluide, l\u2019Ensemble Galant Vert en cr\u00eape de soie est compos\u00e9 d\u2019un haut, d\u2019un pantalon et d\u2019une ceinture assortie.","breadcrumb":{"@id":"https:\/\/babelegance.ma\/product\/ensemble-en-crepe-de-soie-avec-haut-et-pantalon\/#breadcrumb"},"inLanguage":"ar","potentialAction":[{"@type":"ReadAction","target":["https:\/\/babelegance.ma\/product\/ensemble-en-crepe-de-soie-avec-haut-et-pantalon\/"]}]},{"@type":"ImageObject","inLanguage":"ar","@id":"https:\/\/babelegance.ma\/product\/ensemble-en-crepe-de-soie-avec-haut-et-pantalon\/#primaryimage","url":"https:\/\/babelegance.ma\/wp-content\/uploads\/2025\/03\/14.jpg","contentUrl":"https:\/\/babelegance.ma\/wp-content\/uploads\/2025\/03\/14.jpg","width":960,"height":1280,"caption":"Ensemble Galant Vert en cr\u00eape de soie avec haut, pantalon et ceinture assortie"},{"@type":"BreadcrumbList","@id":"https:\/\/babelegance.ma\/product\/ensemble-en-crepe-de-soie-avec-haut-et-pantalon\/#breadcrumb","itemListElement":[{"@type":"ListItem","position":1,"name":"Accueil","item":"https:\/\/babelegance.ma\/"},{"@type":"ListItem","position":2,"name":"Shop","item":"https:\/\/babelegance.ma\/shop\/"},{"@type":"ListItem","position":3,"name":"Ensemble en cr\u00eape de soie avec haut et pantalon"}]},{"@type":"WebSite","@id":"https:\/\/babelegance.ma\/#website","url":"https:\/\/babelegance.ma\/","name":"Bab Elegance","description":"Votre univers de mode","publisher":{"@id":"https:\/\/babelegance.ma\/#organization"},"potentialAction":[{"@type":"SearchAction","target":{"@type":"EntryPoint","urlTemplate":"https:\/\/babelegance.ma\/?s={search_term_string}"},"query-input":{"@type":"PropertyValueSpecification","valueRequired":true,"valueName":"search_term_string"}}],"inLanguage":"ar"},{"@type":"Organization","@id":"https:\/\/babelegance.ma\/#organization","name":"BAB elegance","url":"https:\/\/babelegance.ma\/","logo":{"@type":"ImageObject","inLanguage":"ar","@id":"https:\/\/babelegance.ma\/#\/schema\/logo\/image\/","url":"https:\/\/babelegance.ma\/wp-content\/uploads\/2022\/07\/logo-bab-elegance-2.png","contentUrl":"https:\/\/babelegance.ma\/wp-content\/uploads\/2022\/07\/logo-bab-elegance-2.png","width":146,"height":94,"caption":"BAB elegance"},"image":{"@id":"https:\/\/babelegance.ma\/#\/schema\/logo\/image\/"},"sameAs":["https:\/\/facebook.com\/babelegance","https:\/\/instagram.com\/babelegance","https:\/\/www.youtube.com\/channel\/UCE3JJFA5VbCxy69txuxJcHQ","http:\/\/vm.tiktok.com\/ZSedvx3Gt\/"]}]}},"jetpack_sharing_enabled":true,"_links":{"self":[{"href":"https:\/\/babelegance.ma\/ar\/wp-json\/wp\/v2\/product\/3359","targetHints":{"allow":["GET"]}}],"collection":[{"href":"https:\/\/babelegance.ma\/ar\/wp-json\/wp\/v2\/product"}],"about":[{"href":"https:\/\/babelegance.ma\/ar\/wp-json\/wp\/v2\/types\/product"}],"replies":[{"embeddable":true,"href":"https:\/\/babelegance.ma\/ar\/wp-json\/wp\/v2\/comments?post=3359"}],"wp:featuredmedia":[{"embeddable":true,"href":"https:\/\/babelegance.ma\/ar\/wp-json\/wp\/v2\/media\/3360"}],"wp:attachment":[{"href":"https:\/\/babelegance.ma\/ar\/wp-json\/wp\/v2\/media?parent=3359"}],"wp:term":[{"taxonomy":"product_brand","embeddable":true,"href":"https:\/\/babelegance.ma\/ar\/wp-json\/wp\/v2\/product_brand?post=3359"},{"taxonomy":"product_cat","embeddable":true,"href":"https:\/\/babelegance.ma\/ar\/wp-json\/wp\/v2\/product_cat?post=3359"},{"taxonomy":"product_tag","embeddable":true,"href":"https:\/\/babelegance.ma\/ar\/wp-json\/wp\/v2\/product_tag?post=3359"}],"curies":[{"name":"wp","href":"https:\/\/api.w.org\/{rel}","templated":true}]}}