{"id":3031,"date":"2024-12-17T10:58:05","date_gmt":"2024-12-17T09:58:05","guid":{"rendered":"https:\/\/babelegance.ma\/?post_type=product&#038;p=3031"},"modified":"2026-03-22T12:41:48","modified_gmt":"2026-03-22T11:41:48","slug":"manteau-femme-laine-velours-zipiere","status":"publish","type":"product","link":"https:\/\/babelegance.ma\/ar\/product\/manteau-femme-laine-velours-zipiere\/","title":{"rendered":"Manteau Femme Laine Velours"},"content":{"rendered":"<h3 data-start=\"495\" data-end=\"550\">\ud83e\udde5 <strong data-start=\"498\" data-end=\"550\">Manteau Femme Laine Velours \u2013 \u00c9l\u00e9gance &amp; Confort<\/strong><\/h3>\n<p data-start=\"552\" data-end=\"873\">Le manteau femme laine velours, aussi appel\u00e9 <strong data-start=\"597\" data-end=\"616\">MANTEAU ZIPIERE<\/strong>, est une pi\u00e8ce id\u00e9ale pour un style chic et chaleureux en hiver. Con\u00e7u en laine effet velours, il offre une douceur remarquable et une isolation parfaite. Gr\u00e2ce \u00e0 sa coupe \u00e9vas\u00e9e, il met en valeur la silhouette tout en apportant un tomb\u00e9 fluide et \u00e9l\u00e9gant.<\/p>\n<h3 data-start=\"875\" data-end=\"916\">\u2728 <strong data-start=\"877\" data-end=\"916\">D\u00e9tails raffin\u00e9s &amp; finition moderne<\/strong><\/h3>\n<p data-start=\"918\" data-end=\"1092\">\u2b50 <strong data-start=\"920\" data-end=\"956\">Col structur\u00e9 &amp; coupe travaill\u00e9e<\/strong><\/p>\n<p data-start=\"918\" data-end=\"1092\">Son col structur\u00e9 et sa forme \u00e9vas\u00e9e offrent une allure sophistiqu\u00e9e. De plus, leur design apporte imm\u00e9diatement une touche \u00e9l\u00e9gante.<\/p>\n<p data-start=\"1094\" data-end=\"1242\">\u2b50 <strong data-start=\"1096\" data-end=\"1124\">Fermeture crois\u00e9e zipp\u00e9e<\/strong><\/p>\n<p data-start=\"1094\" data-end=\"1242\">Sa fermeture crois\u00e9e zipp\u00e9e ajoute un style moderne. Elle permet aussi de maintenir une silhouette bien structur\u00e9e.<\/p>\n<p data-start=\"1244\" data-end=\"1393\">\u2b50 <strong data-start=\"1246\" data-end=\"1271\">Mati\u00e8re effet velours<\/strong><\/p>\n<p data-start=\"1244\" data-end=\"1393\">Le tissu en laine effet velours procure un toucher doux. En plus, il donne un rendu chic parfait pour les jours froids.<\/p>\n<h3 data-start=\"1395\" data-end=\"1440\">\ud83e\uddf5 <strong data-start=\"1398\" data-end=\"1440\">Confort, chaleur &amp; silhouette sublim\u00e9e<\/strong><\/h3>\n<p data-start=\"1442\" data-end=\"1705\">\u2714 Doublure int\u00e9rieure chaude pour un meilleur confort<br data-start=\"1495\" data-end=\"1498\" \/>\u2714 Manches longues pour une protection optimale<br data-start=\"1544\" data-end=\"1547\" \/>\u2714 Poches avant pratiques et \u00e9l\u00e9gantes<br data-start=\"1584\" data-end=\"1587\" \/>\u2714 Coupe \u00e9vas\u00e9e qui s\u2019adapte facilement \u00e0 toutes les morphologies<br data-start=\"1651\" data-end=\"1654\" \/>\u2714 Deux couleurs intemporelles : Rouge \ud83d\udd34 &amp; Gris \u26aa<\/p>\n<h3>\ud83c\udfa8\ud83d\udcb8 <strong data-start=\"1710\" data-end=\"1744\">Couleurs &amp; Prix<\/strong><\/h3>\n<p data-start=\"1746\" data-end=\"1879\">\ud83d\udd34 <strong data-start=\"1749\" data-end=\"1758\">Rouge<\/strong> : chic et audacieux<br data-start=\"1805\" data-end=\"1808\" \/>\u26aa <strong data-start=\"1810\" data-end=\"1818\">Gris<\/strong> : \u00e9l\u00e9gant et polyvalent<\/p>\n<p data-start=\"1881\" data-end=\"1901\">\ud83d\udcb8 <strong data-start=\"1884\" data-end=\"1901\">Prix : 699 DH<\/strong><\/p>\n<h3 data-start=\"1903\" data-end=\"1957\">\ud83d\udc57 <strong data-start=\"1906\" data-end=\"1957\">Comment porter le manteau femme laine velours ?<\/strong><\/h3>\n<p data-start=\"1959\" data-end=\"2099\">\ud83d\udcbc <strong>Pour le bureau :<\/strong> pantalon droit + bottines<br data-start=\"2004\" data-end=\"2007\" \/>\ud83c\udf06 <strong>Pour une sortie :<\/strong> jean + pull col roul\u00e9<br data-start=\"2049\" data-end=\"2052\" \/>\u2728 <strong>Pour une tenue chic :<\/strong> robe midi + escarpins<\/p>\n<p data-start=\"2101\" data-end=\"2212\">Ainsi, ce manteau s\u2019adapte facilement \u00e0 toutes les occasions : travail, sorties, \u00e9v\u00e9nements ou soir\u00e9es d\u2019hiver.<\/p>\n<h3>\ud83d\udccc <strong data-start=\"2217\" data-end=\"2268\">Caract\u00e9ristiques du manteau femme laine velours<\/strong><\/h3>\n<ul>\n<li><strong>Mati\u00e8re :<\/strong> laine effet velours<\/li>\n<li><strong>Coupe :<\/strong> \u00e9vas\u00e9e<\/li>\n<li><strong>Fermeture :<\/strong> crois\u00e9e zipp\u00e9e<\/li>\n<li><strong>D\u00e9tails :<\/strong> doublure et poches avant<\/li>\n<li><strong>Tailles :<\/strong> selon couleur<\/li>\n<li><strong>Couleurs :<\/strong> rouge, gris<\/li>\n<\/ul>\n<h3><strong>\ud83d\udd17 Liens internes utiles<\/strong><\/h3>\n<p>\ud83d\udc49 <strong>D\u00e9couvrez<\/strong> notre collection compl\u00e8te de <strong>Manteaux<\/strong> en visitant notre sous rubrique : <a href=\"https:\/\/babelegance.ma\/product-category\/collections\/manteaux\/\" target=\"_blank\" rel=\"noopener\"><strong>Collections &gt; Manteaux<\/strong><\/a><br \/>\n\ud83d\udc49 <strong>Consultez<\/strong> notre collection compl\u00e8te de <strong>Hauts et Pantalons\u2026<\/strong> pour femmes en visitant notre rubrique : <a href=\"https:\/\/babelegance.ma\/product-category\/collections\/\" target=\"_blank\" rel=\"noopener\"><strong>\u0645\u062c\u0645\u0648\u0639\u0627\u062a<\/strong><\/a><\/p>\n<h3><strong>\ud83d\udd17 Liens externes utiles<\/strong><\/h3>\n<p>\ud83d\udc49 Magazine mode : <a href=\"https:\/\/www.tendances-de-mode.com\/conseil-10533?\" target=\"_blank\" rel=\"noopener\"><strong>Tendances manteaux long pour femmes hiver 2025-2026<\/strong><\/a><br \/>\n\ud83d\udc49 <strong>Suivez-nous<\/strong> sur <strong>\u0627\u0644\u0627\u0646\u0633\u062a\u063a\u0631\u0627\u0645<\/strong> :\u00a0<a href=\"https:\/\/instagram.com\/babelegance\" target=\"_blank\" rel=\"noopener\"><strong>BAB Elegance<\/strong><\/a><br \/>\n\ud83d\udc49 <strong>Suivez-nous<\/strong> sur <strong>TikTok<\/strong> :\u00a0<a href=\"https:\/\/www.tiktok.com\/@bab.elegance?_t=8rc5VscUedr&amp;_r=1\" target=\"_blank\" rel=\"noopener\"><strong>BAB Elegance<\/strong><\/a><\/p>","protected":false},"excerpt":{"rendered":"<div style=\"width: 360px;\" class=\"wp-video\"><video class=\"wp-video-shortcode\" id=\"video-3031-1\" width=\"360\" height=\"640\" poster=\"http:\/\/babelegance.ma\/wp-content\/uploads\/2024\/12\/mini_-DSC09718.jpg\" preload=\"metadata\" controls=\"controls\"><source type=\"video\/mp4\" src=\"http:\/\/babelegance.ma\/wp-content\/uploads\/2024\/12\/Nouvelle-Collection-et-des-tenues-chics-chez-BAB-ELEGANCE.mp4?_=1\" \/><a href=\"http:\/\/babelegance.ma\/wp-content\/uploads\/2024\/12\/Nouvelle-Collection-et-des-tenues-chics-chez-BAB-ELEGANCE.mp4\">http:\/\/babelegance.ma\/wp-content\/uploads\/2024\/12\/Nouvelle-Collection-et-des-tenues-chics-chez-BAB-ELEGANCE.mp4<\/a><\/video><\/div>\n<p>&nbsp;<\/p>\n<p data-start=\"901\" data-end=\"1054\">\u2728 <strong data-start=\"903\" data-end=\"934\">Manteau femme laine velours<\/strong><\/p>\n<p data-start=\"901\" data-end=\"1054\">Coupe \u00e9vas\u00e9e, fermeture zipp\u00e9e crois\u00e9e et poches pratiques. Disponible en rouge et gris. Style chic &amp; chaleur garantie.<\/p>\n<p>\ud83d\udc49 <strong>L\u2019\u00e9l\u00e9gance marocaine sign\u00e9e BAB Elegance.<\/strong><\/p>\n<p>\ud83d\udc49 D\u00e9couvrez la collection sur\u00a0<a href=\"http:\/\/www.babelegance.ma\/\" target=\"_blank\" rel=\"noopener\"><strong>babelegance.ma<\/strong><\/a>\u00a0et laissez parler votre style !<\/p>","protected":false},"featured_media":2984,"comment_status":"open","ping_status":"closed","template":"","meta":{"om_disable_all_campaigns":false,"_monsterinsights_skip_tracking":false,"_monsterinsights_sitenote_active":false,"_monsterinsights_sitenote_note":"","_monsterinsights_sitenote_category":0,"_uf_show_specific_survey":0,"_uf_disable_surveys":false},"product_brand":[2237],"product_cat":[83,127],"product_tag":[889,705,1453,1446,1447,1441,950,938,1445,1440,1452,196,1448,936,939,952,762,1444,1454,953,946,947,932,1094,951,942,1437,1443,940,935,948,1433,878,930,931,250,1217,1424,943,138,790,949,1438,1450,1184,721,1439,933,934,598,1449,1451,1434,944,945,937,941],"class_list":{"0":"post-3031","1":"product","2":"type-product","3":"status-publish","4":"has-post-thumbnail","6":"product_brand-bab-elegance","7":"product_cat-collections","8":"product_cat-manteaux","9":"product_tag-allure-sophistiquee","10":"product_tag-bab-elegance","11":"product_tag-caracteristiques-du-manteau-femme-laine-velours","12":"product_tag-chaleur","13":"product_tag-chaleur-silhouette-sublimee","14":"product_tag-chaleur-garantie","15":"product_tag-chic-et-audacieux","16":"product_tag-col-structure","17":"product_tag-col-structure-coupe-travaillee","18":"product_tag-collections-bab-elegance","19":"product_tag-comment-porter-le-manteau-femme-laine-velours","20":"product_tag-confort","21":"product_tag-couleurs","22":"product_tag-coupe-evasee","23":"product_tag-coupe-travaillee","24":"product_tag-croisee-zippee","25":"product_tag-details-raffines","26":"product_tag-details-raffines-finition-moderne","27":"product_tag-disponible-en-rouge-et-gris","28":"product_tag-doublure-et-poches-avant","29":"product_tag-doublure-interieure","30":"product_tag-doublure-interieure-chaude","31":"product_tag-elegance-confort","32":"product_tag-elegance-marocaine","33":"product_tag-elegant-et-polyvalent","34":"product_tag-fermeture-croisee-zippee","35":"product_tag-fermeture-zippee-croisee","36":"product_tag-finition-moderne","37":"product_tag-forme-evasee","38":"product_tag-laine-effet-velours","39":"product_tag-manches-longues","40":"product_tag-manteau","41":"product_tag-manteau-femme","42":"product_tag-manteau-femme-laine","43":"product_tag-manteau-femme-laine-velours","44":"product_tag-manteau-zipiere","45":"product_tag-manteaux","46":"product_tag-manteaux-femmes","47":"product_tag-matiere-effet-velours","48":"product_tag-mode","49":"product_tag-poches-avant-pratiques","50":"product_tag-poches-avant-pratiques-et-elegantes","51":"product_tag-poches-pratiques","52":"product_tag-prix","53":"product_tag-silhouette-sublimee","54":"product_tag-style-chic","55":"product_tag-style-chic-chaleur-garantie","56":"product_tag-style-chic-et-chaleureux","57":"product_tag-style-chic-et-chaleureux-en-hiver","58":"product_tag-style-moderne","59":"product_tag-tailles-disponibles","60":"product_tag-tailles-disponibles-prix","61":"product_tag-tendances-manteaux-femmes","62":"product_tag-tissu-en-laine","63":"product_tag-tissu-en-laine-effet-velours","64":"product_tag-tombe-fluide-et-elegant","65":"product_tag-touche-elegante","66":"ts_product_brand-bab-elegance","68":"first","69":"outofstock","70":"shipping-taxable","71":"purchasable","72":"product-type-simple","73":"add-to-wishlist-after_add_to_cart"},"yoast_head":"<!-- This site is optimized with the Yoast SEO plugin v27.5 - https:\/\/yoast.com\/product\/yoast-seo-wordpress\/ -->\n<title>Manteau Femme Laine Velours - Bab Elegance<\/title>\n<meta name=\"description\" content=\"D\u00e9couvrez le Manteau Femme Laine Velours. Coupe \u00e9vas\u00e9e, fermeture zipp\u00e9e crois\u00e9e et poches avant. Disponible en rouge et gris.\" \/>\n<meta name=\"robots\" content=\"index, follow, max-snippet:-1, max-image-preview:large, max-video-preview:-1\" \/>\n<link rel=\"canonical\" href=\"https:\/\/babelegance.ma\/ar\/product\/manteau-femme-laine-velours-zipiere\/\" \/>\n<meta property=\"og:locale\" content=\"ar_AR\" \/>\n<meta property=\"og:type\" content=\"article\" \/>\n<meta property=\"og:title\" content=\"Manteau Femme Laine Velours\" \/>\n<meta property=\"og:description\" content=\"D\u00e9couvrez le Manteau Femme Laine Velours. Coupe \u00e9vas\u00e9e, fermeture zipp\u00e9e crois\u00e9e et poches avant. Disponible en rouge et gris.\" \/>\n<meta property=\"og:url\" content=\"https:\/\/babelegance.ma\/ar\/product\/manteau-femme-laine-velours-zipiere\/\" \/>\n<meta property=\"og:site_name\" content=\"Bab Elegance\" \/>\n<meta property=\"article:publisher\" content=\"https:\/\/facebook.com\/babelegance\" \/>\n<meta property=\"article:modified_time\" content=\"2026-03-22T11:41:48+00:00\" \/>\n<meta property=\"og:image\" content=\"http:\/\/babelegance.ma\/wp-content\/uploads\/2024\/12\/mini_-DSC09718.jpg\" \/>\n\t<meta property=\"og:image:width\" content=\"1024\" \/>\n\t<meta property=\"og:image:height\" content=\"1365\" \/>\n\t<meta property=\"og:image:type\" content=\"image\/jpeg\" \/>\n<meta name=\"twitter:card\" content=\"summary_large_image\" \/>\n<meta name=\"twitter:title\" content=\"Manteau Femme Laine Velours\" \/>\n<meta name=\"twitter:description\" content=\"D\u00e9couvrez le Manteau Femme Laine Velours. Coupe \u00e9vas\u00e9e, fermeture zipp\u00e9e crois\u00e9e et poches avant. Disponible en rouge et gris.\" \/>\n<meta name=\"twitter:image\" content=\"https:\/\/babelegance.ma\/wp-content\/uploads\/2024\/12\/mini_-DSC09718.jpg\" \/>\n<meta name=\"twitter:label1\" content=\"\u0648\u0642\u062a \u0627\u0644\u0642\u0631\u0627\u0621\u0629 \u0627\u0644\u0645\u064f\u0642\u062f\u0651\u0631\" \/>\n\t<meta name=\"twitter:data1\" content=\"\u062f\u0642\u064a\u0642\u062a\u0627\u0646\" \/>\n<script type=\"application\/ld+json\" class=\"yoast-schema-graph\">{\"@context\":\"https:\\\/\\\/schema.org\",\"@graph\":[{\"@type\":\"WebPage\",\"@id\":\"https:\\\/\\\/babelegance.ma\\\/product\\\/manteau-femme-laine-velours-zipiere\\\/\",\"url\":\"https:\\\/\\\/babelegance.ma\\\/product\\\/manteau-femme-laine-velours-zipiere\\\/\",\"name\":\"Manteau Femme Laine Velours - Bab Elegance\",\"isPartOf\":{\"@id\":\"https:\\\/\\\/babelegance.ma\\\/#website\"},\"primaryImageOfPage\":{\"@id\":\"https:\\\/\\\/babelegance.ma\\\/product\\\/manteau-femme-laine-velours-zipiere\\\/#primaryimage\"},\"image\":{\"@id\":\"https:\\\/\\\/babelegance.ma\\\/product\\\/manteau-femme-laine-velours-zipiere\\\/#primaryimage\"},\"thumbnailUrl\":\"https:\\\/\\\/babelegance.ma\\\/wp-content\\\/uploads\\\/2024\\\/12\\\/mini_-DSC09718.jpg\",\"datePublished\":\"2024-12-17T09:58:05+00:00\",\"dateModified\":\"2026-03-22T11:41:48+00:00\",\"description\":\"D\u00e9couvrez le Manteau Femme Laine Velours. Coupe \u00e9vas\u00e9e, fermeture zipp\u00e9e crois\u00e9e et poches avant. Disponible en rouge et gris.\",\"breadcrumb\":{\"@id\":\"https:\\\/\\\/babelegance.ma\\\/product\\\/manteau-femme-laine-velours-zipiere\\\/#breadcrumb\"},\"inLanguage\":\"ar\",\"potentialAction\":[{\"@type\":\"ReadAction\",\"target\":[\"https:\\\/\\\/babelegance.ma\\\/product\\\/manteau-femme-laine-velours-zipiere\\\/\"]}]},{\"@type\":\"ImageObject\",\"inLanguage\":\"ar\",\"@id\":\"https:\\\/\\\/babelegance.ma\\\/product\\\/manteau-femme-laine-velours-zipiere\\\/#primaryimage\",\"url\":\"https:\\\/\\\/babelegance.ma\\\/wp-content\\\/uploads\\\/2024\\\/12\\\/mini_-DSC09718.jpg\",\"contentUrl\":\"https:\\\/\\\/babelegance.ma\\\/wp-content\\\/uploads\\\/2024\\\/12\\\/mini_-DSC09718.jpg\",\"width\":1024,\"height\":1365,\"caption\":\"Manteau femme laine velours rouge zipiere\"},{\"@type\":\"BreadcrumbList\",\"@id\":\"https:\\\/\\\/babelegance.ma\\\/product\\\/manteau-femme-laine-velours-zipiere\\\/#breadcrumb\",\"itemListElement\":[{\"@type\":\"ListItem\",\"position\":1,\"name\":\"Accueil\",\"item\":\"https:\\\/\\\/babelegance.ma\\\/\"},{\"@type\":\"ListItem\",\"position\":2,\"name\":\"Shop\",\"item\":\"https:\\\/\\\/babelegance.ma\\\/shop\\\/\"},{\"@type\":\"ListItem\",\"position\":3,\"name\":\"Manteau Femme Laine Velours\"}]},{\"@type\":\"WebSite\",\"@id\":\"https:\\\/\\\/babelegance.ma\\\/#website\",\"url\":\"https:\\\/\\\/babelegance.ma\\\/\",\"name\":\"Bab Elegance\",\"description\":\"Votre univers de mode\",\"publisher\":{\"@id\":\"https:\\\/\\\/babelegance.ma\\\/#organization\"},\"potentialAction\":[{\"@type\":\"SearchAction\",\"target\":{\"@type\":\"EntryPoint\",\"urlTemplate\":\"https:\\\/\\\/babelegance.ma\\\/?s={search_term_string}\"},\"query-input\":{\"@type\":\"PropertyValueSpecification\",\"valueRequired\":true,\"valueName\":\"search_term_string\"}}],\"inLanguage\":\"ar\"},{\"@type\":\"Organization\",\"@id\":\"https:\\\/\\\/babelegance.ma\\\/#organization\",\"name\":\"BAB elegance\",\"url\":\"https:\\\/\\\/babelegance.ma\\\/\",\"logo\":{\"@type\":\"ImageObject\",\"inLanguage\":\"ar\",\"@id\":\"https:\\\/\\\/babelegance.ma\\\/#\\\/schema\\\/logo\\\/image\\\/\",\"url\":\"https:\\\/\\\/babelegance.ma\\\/wp-content\\\/uploads\\\/2022\\\/07\\\/logo-bab-elegance-2.png\",\"contentUrl\":\"https:\\\/\\\/babelegance.ma\\\/wp-content\\\/uploads\\\/2022\\\/07\\\/logo-bab-elegance-2.png\",\"width\":146,\"height\":94,\"caption\":\"BAB elegance\"},\"image\":{\"@id\":\"https:\\\/\\\/babelegance.ma\\\/#\\\/schema\\\/logo\\\/image\\\/\"},\"sameAs\":[\"https:\\\/\\\/facebook.com\\\/babelegance\",\"https:\\\/\\\/instagram.com\\\/babelegance\",\"https:\\\/\\\/www.youtube.com\\\/channel\\\/UCE3JJFA5VbCxy69txuxJcHQ\",\"http:\\\/\\\/vm.tiktok.com\\\/ZSedvx3Gt\\\/\"]}]}<\/script>\n<!-- \/ Yoast SEO plugin. -->","yoast_head_json":{"title":"Manteau Femme Laine Velours - Bab Elegance","description":"D\u00e9couvrez le Manteau Femme Laine Velours. Coupe \u00e9vas\u00e9e, fermeture zipp\u00e9e crois\u00e9e et poches avant. Disponible en rouge et gris.","robots":{"index":"index","follow":"follow","max-snippet":"max-snippet:-1","max-image-preview":"max-image-preview:large","max-video-preview":"max-video-preview:-1"},"canonical":"https:\/\/babelegance.ma\/ar\/product\/manteau-femme-laine-velours-zipiere\/","og_locale":"ar_AR","og_type":"article","og_title":"Manteau Femme Laine Velours","og_description":"D\u00e9couvrez le Manteau Femme Laine Velours. Coupe \u00e9vas\u00e9e, fermeture zipp\u00e9e crois\u00e9e et poches avant. Disponible en rouge et gris.","og_url":"https:\/\/babelegance.ma\/ar\/product\/manteau-femme-laine-velours-zipiere\/","og_site_name":"Bab Elegance","article_publisher":"https:\/\/facebook.com\/babelegance","article_modified_time":"2026-03-22T11:41:48+00:00","og_image":[{"width":1024,"height":1365,"url":"http:\/\/babelegance.ma\/wp-content\/uploads\/2024\/12\/mini_-DSC09718.jpg","type":"image\/jpeg"}],"twitter_card":"summary_large_image","twitter_title":"Manteau Femme Laine Velours","twitter_description":"D\u00e9couvrez le Manteau Femme Laine Velours. Coupe \u00e9vas\u00e9e, fermeture zipp\u00e9e crois\u00e9e et poches avant. Disponible en rouge et gris.","twitter_image":"https:\/\/babelegance.ma\/wp-content\/uploads\/2024\/12\/mini_-DSC09718.jpg","twitter_misc":{"\u0648\u0642\u062a \u0627\u0644\u0642\u0631\u0627\u0621\u0629 \u0627\u0644\u0645\u064f\u0642\u062f\u0651\u0631":"\u062f\u0642\u064a\u0642\u062a\u0627\u0646"},"schema":{"@context":"https:\/\/schema.org","@graph":[{"@type":"WebPage","@id":"https:\/\/babelegance.ma\/product\/manteau-femme-laine-velours-zipiere\/","url":"https:\/\/babelegance.ma\/product\/manteau-femme-laine-velours-zipiere\/","name":"Manteau Femme Laine Velours - Bab Elegance","isPartOf":{"@id":"https:\/\/babelegance.ma\/#website"},"primaryImageOfPage":{"@id":"https:\/\/babelegance.ma\/product\/manteau-femme-laine-velours-zipiere\/#primaryimage"},"image":{"@id":"https:\/\/babelegance.ma\/product\/manteau-femme-laine-velours-zipiere\/#primaryimage"},"thumbnailUrl":"https:\/\/babelegance.ma\/wp-content\/uploads\/2024\/12\/mini_-DSC09718.jpg","datePublished":"2024-12-17T09:58:05+00:00","dateModified":"2026-03-22T11:41:48+00:00","description":"D\u00e9couvrez le Manteau Femme Laine Velours. Coupe \u00e9vas\u00e9e, fermeture zipp\u00e9e crois\u00e9e et poches avant. Disponible en rouge et gris.","breadcrumb":{"@id":"https:\/\/babelegance.ma\/product\/manteau-femme-laine-velours-zipiere\/#breadcrumb"},"inLanguage":"ar","potentialAction":[{"@type":"ReadAction","target":["https:\/\/babelegance.ma\/product\/manteau-femme-laine-velours-zipiere\/"]}]},{"@type":"ImageObject","inLanguage":"ar","@id":"https:\/\/babelegance.ma\/product\/manteau-femme-laine-velours-zipiere\/#primaryimage","url":"https:\/\/babelegance.ma\/wp-content\/uploads\/2024\/12\/mini_-DSC09718.jpg","contentUrl":"https:\/\/babelegance.ma\/wp-content\/uploads\/2024\/12\/mini_-DSC09718.jpg","width":1024,"height":1365,"caption":"Manteau femme laine velours rouge zipiere"},{"@type":"BreadcrumbList","@id":"https:\/\/babelegance.ma\/product\/manteau-femme-laine-velours-zipiere\/#breadcrumb","itemListElement":[{"@type":"ListItem","position":1,"name":"Accueil","item":"https:\/\/babelegance.ma\/"},{"@type":"ListItem","position":2,"name":"Shop","item":"https:\/\/babelegance.ma\/shop\/"},{"@type":"ListItem","position":3,"name":"Manteau Femme Laine Velours"}]},{"@type":"WebSite","@id":"https:\/\/babelegance.ma\/#website","url":"https:\/\/babelegance.ma\/","name":"Bab Elegance","description":"Votre univers de mode","publisher":{"@id":"https:\/\/babelegance.ma\/#organization"},"potentialAction":[{"@type":"SearchAction","target":{"@type":"EntryPoint","urlTemplate":"https:\/\/babelegance.ma\/?s={search_term_string}"},"query-input":{"@type":"PropertyValueSpecification","valueRequired":true,"valueName":"search_term_string"}}],"inLanguage":"ar"},{"@type":"Organization","@id":"https:\/\/babelegance.ma\/#organization","name":"BAB elegance","url":"https:\/\/babelegance.ma\/","logo":{"@type":"ImageObject","inLanguage":"ar","@id":"https:\/\/babelegance.ma\/#\/schema\/logo\/image\/","url":"https:\/\/babelegance.ma\/wp-content\/uploads\/2022\/07\/logo-bab-elegance-2.png","contentUrl":"https:\/\/babelegance.ma\/wp-content\/uploads\/2022\/07\/logo-bab-elegance-2.png","width":146,"height":94,"caption":"BAB elegance"},"image":{"@id":"https:\/\/babelegance.ma\/#\/schema\/logo\/image\/"},"sameAs":["https:\/\/facebook.com\/babelegance","https:\/\/instagram.com\/babelegance","https:\/\/www.youtube.com\/channel\/UCE3JJFA5VbCxy69txuxJcHQ","http:\/\/vm.tiktok.com\/ZSedvx3Gt\/"]}]}},"jetpack_sharing_enabled":true,"_links":{"self":[{"href":"https:\/\/babelegance.ma\/ar\/wp-json\/wp\/v2\/product\/3031","targetHints":{"allow":["GET"]}}],"collection":[{"href":"https:\/\/babelegance.ma\/ar\/wp-json\/wp\/v2\/product"}],"about":[{"href":"https:\/\/babelegance.ma\/ar\/wp-json\/wp\/v2\/types\/product"}],"replies":[{"embeddable":true,"href":"https:\/\/babelegance.ma\/ar\/wp-json\/wp\/v2\/comments?post=3031"}],"wp:featuredmedia":[{"embeddable":true,"href":"https:\/\/babelegance.ma\/ar\/wp-json\/wp\/v2\/media\/2984"}],"wp:attachment":[{"href":"https:\/\/babelegance.ma\/ar\/wp-json\/wp\/v2\/media?parent=3031"}],"wp:term":[{"taxonomy":"product_brand","embeddable":true,"href":"https:\/\/babelegance.ma\/ar\/wp-json\/wp\/v2\/product_brand?post=3031"},{"taxonomy":"product_cat","embeddable":true,"href":"https:\/\/babelegance.ma\/ar\/wp-json\/wp\/v2\/product_cat?post=3031"},{"taxonomy":"product_tag","embeddable":true,"href":"https:\/\/babelegance.ma\/ar\/wp-json\/wp\/v2\/product_tag?post=3031"}],"curies":[{"name":"wp","href":"https:\/\/api.w.org\/{rel}","templated":true}]}}