{"id":3023,"date":"2024-12-17T10:41:52","date_gmt":"2024-12-17T09:41:52","guid":{"rendered":"https:\/\/babelegance.ma\/?post_type=product&#038;p=3023"},"modified":"2026-03-26T18:54:12","modified_gmt":"2026-03-26T17:54:12","slug":"blazer-femme-bleu-croise-ceinture-crepe","status":"publish","type":"product","link":"https:\/\/babelegance.ma\/ar\/product\/blazer-femme-bleu-croise-ceinture-crepe\/","title":{"rendered":"Blazer Femme Bleu Crois\u00e9 avec Ceinture"},"content":{"rendered":"<h3 data-start=\"198\" data-end=\"264\">\ud83e\udde5 <strong data-start=\"201\" data-end=\"264\">Blazer femme bleu crois\u00e9 \u2013 \u00c9l\u00e9gance structur\u00e9e au quotidien<\/strong><\/h3>\n<p data-start=\"266\" data-end=\"534\">Le <strong data-start=\"269\" data-end=\"312\">blazer femme bleu crois\u00e9 VESTE BAB BLEU<\/strong> est une pi\u00e8ce id\u00e9ale pour cr\u00e9er un look chic et moderne. Il apporte imm\u00e9diatement une allure \u00e9l\u00e9gante et professionnelle. De plus, son tissu en cr\u00eape fluide offre un tomb\u00e9 naturel qui met en valeur toutes les silhouettes.<\/p>\n<p data-start=\"536\" data-end=\"599\">Ainsi, ce blazer devient un incontournable du dressing f\u00e9minin.<\/p>\n<h3 data-start=\"606\" data-end=\"642\">\u2728 <strong data-start=\"608\" data-end=\"642\">Un design structur\u00e9 et f\u00e9minin<\/strong><\/h3>\n<p data-start=\"644\" data-end=\"853\">Avec son <strong data-start=\"653\" data-end=\"677\">col \u00e0 revers \u00e9l\u00e9gant<\/strong> et son <strong data-start=\"685\" data-end=\"706\">boutonnage crois\u00e9<\/strong>, ce blazer affiche un style \u00e0 la fois classique et tendance. Il convient parfaitement aux femmes qui recherchent une tenue structur\u00e9e et raffin\u00e9e.<\/p>\n<p data-start=\"855\" data-end=\"1078\">De plus, la <strong data-start=\"867\" data-end=\"889\">ceinture ajustable<\/strong> permet de marquer la taille facilement. Ainsi, la silhouette devient plus harmonieuse et f\u00e9minine. Par cons\u00e9quent, ce d\u00e9tail apporte une touche moderne tout en gardant un style intemporel.<\/p>\n<h3 data-start=\"1085\" data-end=\"1127\">\ud83e\uddf5 <strong data-start=\"1088\" data-end=\"1127\">Des finitions soign\u00e9es et pratiques<\/strong><\/h3>\n<p data-start=\"1129\" data-end=\"1254\">Les <strong data-start=\"1133\" data-end=\"1156\">poches passepoil\u00e9es<\/strong> sur le devant ajoutent une finition \u00e9l\u00e9gante. Elles sont aussi pratiques pour un usage quotidien.<\/p>\n<p data-start=\"1256\" data-end=\"1482\">En outre, les <strong data-start=\"1270\" data-end=\"1289\">manches longues<\/strong> renforcent le style classique du blazer. Gr\u00e2ce au tissu cr\u00eape, la veste reste confortable et agr\u00e9able \u00e0 porter toute la journ\u00e9e. Ainsi, vous profitez d\u2019un bon \u00e9quilibre entre style et confort.<\/p>\n<h3 data-start=\"1489\" data-end=\"1541\">\ud83d\udc57 <strong data-start=\"1492\" data-end=\"1541\">Un blazer facile \u00e0 porter en toutes occasions<\/strong><\/h3>\n<p data-start=\"1543\" data-end=\"1691\">Ce <strong data-start=\"1546\" data-end=\"1574\">blazer femme bleu crois\u00e9<\/strong> s\u2019adapte \u00e0 diff\u00e9rents styles. Par exemple, pour un look professionnel, vous pouvez le porter avec un pantalon droit.<\/p>\n<p data-start=\"1693\" data-end=\"1849\">En revanche, pour une tenue plus \u00e9l\u00e9gante, il se marie tr\u00e8s bien avec une jupe crayon. De plus, il s\u2019associe aussi facilement avec un pantalon taille haute.<\/p>\n<p data-start=\"1851\" data-end=\"1984\">Enfin, sa <strong data-start=\"1861\" data-end=\"1878\">couleur bleue<\/strong> apporte une touche chic et reste facile \u00e0 assortir. Ainsi, vous pouvez varier vos looks selon vos envies.<\/p>\n<h3 data-start=\"1991\" data-end=\"2044\">\ud83c\udf1f <strong data-start=\"1994\" data-end=\"2044\">Pourquoi choisir le blazer femme bleu crois\u00e9 ?<\/strong><\/h3>\n<p data-start=\"2046\" data-end=\"2197\">\u2714 Style \u00e9l\u00e9gant et structur\u00e9<br data-start=\"2074\" data-end=\"2077\" \/>\u2714 Coupe flatteuse avec ceinture ajustable<br data-start=\"2118\" data-end=\"2121\" \/>\u2714 Confort gr\u00e2ce au tissu cr\u00eape<br data-start=\"2151\" data-end=\"2154\" \/>\u2714 Facile \u00e0 associer avec plusieurs tenues<\/p>\n<h3 data-start=\"2204\" data-end=\"2254\">\u2b50 <strong data-start=\"2206\" data-end=\"2254\">Caract\u00e9ristiques du blazer femme bleu crois\u00e9<\/strong><\/h3>\n<ul data-start=\"2256\" data-end=\"2455\">\n<li data-section-id=\"vxvnad\" data-start=\"2256\" data-end=\"2301\">Mati\u00e8re : tissu cr\u00eape fluide et structur\u00e9<\/li>\n<li data-section-id=\"130asp3\" data-start=\"2302\" data-end=\"2326\">Col : revers \u00e9l\u00e9gant<\/li>\n<li data-section-id=\"bo2vu8\" data-start=\"2327\" data-end=\"2360\">Fermeture : boutonnage crois\u00e9<\/li>\n<li data-section-id=\"1bzgtgn\" data-start=\"2361\" data-end=\"2414\">D\u00e9tails : ceinture ajustable, poches passepoil\u00e9es<\/li>\n<li data-section-id=\"l1dpt0\" data-start=\"2415\" data-end=\"2436\">Manches : longues<\/li>\n<li data-section-id=\"168qr8b\" data-start=\"2437\" data-end=\"2455\">Couleur : bleu<\/li>\n<\/ul>\n<h3 data-start=\"2462\" data-end=\"2483\">\ud83d\udca1 <strong data-start=\"2465\" data-end=\"2483\">Conseils style<\/strong><\/h3>\n<ul data-start=\"2485\" data-end=\"2614\">\n<li data-section-id=\"1w1w3l7\" data-start=\"2485\" data-end=\"2529\">Look bureau : pantalon droit + escarpins<\/li>\n<li data-section-id=\"1o78kra\" data-start=\"2530\" data-end=\"2566\">Look chic : jupe crayon + talons<\/li>\n<li data-section-id=\"1rw5vxo\" data-start=\"2567\" data-end=\"2614\">Look moderne : jean taille haute + bottines<\/li>\n<\/ul>\n<h3 data-start=\"2621\" data-end=\"2649\">\ud83d\udd17 <strong data-start=\"2624\" data-end=\"2649\">Liens internes utiles<\/strong><\/h3>\n<p data-start=\"2651\" data-end=\"2889\">\ud83d\udc49 <strong>D\u00e9couvrez<\/strong> notre collection compl\u00e8te de <strong data-start=\"2693\" data-end=\"2714\">Vestes et Blazers<\/strong> dans la sous-rubrique : <strong><a href=\"https:\/\/babelegance.ma\/product-category\/collections\/vestes-et-blazers\/\" target=\"_blank\" rel=\"noopener\">Collections &gt; Vestes et Blazers<\/a><\/strong><br data-start=\"2774\" data-end=\"2777\" \/>\ud83d\udc49 <strong>Consultez<\/strong> \u00e9galement notre collection de <strong data-start=\"2820\" data-end=\"2854\">Hauts et Pantalons pour femmes<\/strong> dans la rubrique : <a href=\"https:\/\/babelegance.ma\/product-category\/collections\/\" target=\"_blank\" rel=\"noopener\"><strong data-start=\"2874\" data-end=\"2889\">\u0645\u062c\u0645\u0648\u0639\u0627\u062a<\/strong><\/a><\/p>\n<h3 data-start=\"2896\" data-end=\"2924\">\ud83d\udd17 <strong data-start=\"2899\" data-end=\"2924\">Liens externes utiles<\/strong><\/h3>\n<p data-start=\"2926\" data-end=\"3092\">\ud83d\udc49 D\u00e9couvrez pourquoi le blazer est une pi\u00e8ce intemporelle <a href=\"https:\/\/belleandchic.com\/blazer-femme\/\" target=\"_blank\" rel=\"noopener\"><strong>en cliquant ici<\/strong><\/a><br data-start=\"2984\" data-end=\"2987\" \/>\ud83d\udc49 <strong>Suivez-nous<\/strong> sur <a href=\"https:\/\/instagram.com\/babelegance\" target=\"_blank\" rel=\"noopener\"><strong data-start=\"3006\" data-end=\"3032\">BAB Elegance Instagram<\/strong><\/a><br data-start=\"3032\" data-end=\"3035\" \/>\ud83d\udc49 <strong>Retrouvez<\/strong> nos inspirations sur <a href=\"https:\/\/www.tiktok.com\/@bab.elegance?_t=8rc5VscUedr&amp;_r=1\" target=\"_blank\" rel=\"noopener\"><strong data-start=\"3069\" data-end=\"3092\">BAB Elegance TikTok<\/strong><\/a><\/p>","protected":false},"excerpt":{"rendered":"<div style=\"width: 360px;\" class=\"wp-video\"><video class=\"wp-video-shortcode\" id=\"video-3023-1\" width=\"360\" height=\"640\" poster=\"http:\/\/babelegance.ma\/wp-content\/uploads\/2024\/12\/mini_-DSC09765.jpg\" preload=\"metadata\" controls=\"controls\"><source type=\"video\/mp4\" src=\"http:\/\/babelegance.ma\/wp-content\/uploads\/2024\/12\/Nouvelle-saison-COLLECTION-BAB-ELEGANCE-disponible-en-storemaroc-pretaporter-mode-femme-femmemarocaines-beaute.mp4?_=1\" \/><a href=\"http:\/\/babelegance.ma\/wp-content\/uploads\/2024\/12\/Nouvelle-saison-COLLECTION-BAB-ELEGANCE-disponible-en-storemaroc-pretaporter-mode-femme-femmemarocaines-beaute.mp4\">http:\/\/babelegance.ma\/wp-content\/uploads\/2024\/12\/Nouvelle-saison-COLLECTION-BAB-ELEGANCE-disponible-en-storemaroc-pretaporter-mode-femme-femmemarocaines-beaute.mp4<\/a><\/video><\/div>\n<p>&nbsp;<\/p>\n<p data-start=\"669\" data-end=\"864\">\u2728 <strong data-start=\"671\" data-end=\"725\">VESTE BAB BLEU \u2013 Blazer femme bleu crois\u00e9 en cr\u00eape<\/strong><\/p>\n<p data-start=\"669\" data-end=\"864\">\ud83e\udde5 Coupe structur\u00e9e &amp; col \u00e0 revers \u00e9l\u00e9gant<br data-start=\"770\" data-end=\"773\" \/>\ud83c\udf80 Ceinture ajustable pour marquer la taille<br data-start=\"817\" data-end=\"820\" \/>\ud83d\udc99 Tissu cr\u00eape fluide, chic et confortable<\/p>\n<p data-start=\"866\" data-end=\"911\"><strong>\ud83d\udc49 L\u2019\u00e9l\u00e9gance marocaine sign\u00e9e BAB Elegance<\/strong><\/p>\n<p>\ud83d\udc49 D\u00e9couvrez la collection sur\u00a0<a href=\"http:\/\/www.babelegance.ma\/\" target=\"_blank\" rel=\"noopener\"><strong>babelegance.ma<\/strong><\/a>\u00a0et laissez parler votre style !<\/p>","protected":false},"featured_media":2995,"comment_status":"open","ping_status":"closed","template":"","meta":{"om_disable_all_campaigns":false,"_monsterinsights_skip_tracking":false,"_monsterinsights_sitenote_active":false,"_monsterinsights_sitenote_note":"","_monsterinsights_sitenote_category":0,"_uf_show_specific_survey":0,"_uf_disable_surveys":false},"product_brand":[2237],"product_cat":[83,124],"product_tag":[960,961,242,954,955,956,962,964,974,754,831,977,963,957,958,975,968,969,972,915,640,613,758,948,973,967,873,965,966,449,976,797,750,970,959,971,241,248],"class_list":{"0":"post-3023","1":"product","2":"type-product","3":"status-publish","4":"has-post-thumbnail","6":"product_brand-bab-elegance","7":"product_cat-collections","8":"product_cat-vestes-et-blazers","9":"product_tag-allure-professionnelle","10":"product_tag-allure-professionnelle-et-feminine","11":"product_tag-blazer-femme","12":"product_tag-blazer-femme-bleu","13":"product_tag-blazer-femme-bleu-croise","14":"product_tag-blazer-femme-bleu-croise-avec-ceinture","15":"product_tag-boutonnage-croise","16":"product_tag-ceinture-ajustable","17":"product_tag-chemises-et-blousons","18":"product_tag-col-a-revers-elegant","19":"product_tag-col-a-revers-structure","20":"product_tag-coupe-structuree","21":"product_tag-dressing-feminin","22":"product_tag-elegance-structuree","23":"product_tag-elegance-structuree-au-quotidien","24":"product_tag-ensembles-femmes","25":"product_tag-finition-soignee","26":"product_tag-finition-soignee-et-pratique","27":"product_tag-look-bureau","28":"product_tag-look-chic","29":"product_tag-look-moderne","30":"product_tag-look-moderne-et-raffine","31":"product_tag-look-professionnel","32":"product_tag-manches-longues","33":"product_tag-pantalons-femme","34":"product_tag-poches-passepoilees","35":"product_tag-revers-elegant","36":"product_tag-silhouette-harmonieuse","37":"product_tag-silhouette-harmonieuse-et-bien-definie","38":"product_tag-style-raffine","39":"product_tag-tendances-blazers-femme","40":"product_tag-tenue-plus-elegante","41":"product_tag-tissu-crepe","42":"product_tag-tissu-crepe-doux","43":"product_tag-tissu-crepe-fluide","44":"product_tag-tissu-crepe-fluide-et-structure","45":"product_tag-veste-bab-bleu","46":"product_tag-veste-elegante","47":"ts_product_brand-bab-elegance","49":"first","50":"outofstock","51":"shipping-taxable","52":"purchasable","53":"product-type-simple","54":"add-to-wishlist-after_add_to_cart"},"yoast_head":"<!-- This site is optimized with the Yoast SEO plugin v27.5 - https:\/\/yoast.com\/product\/yoast-seo-wordpress\/ -->\n<title>Blazer Femme Bleu Crois\u00e9 avec Ceinture - Bab Elegance<\/title>\n<meta name=\"description\" content=\"D\u00e9couvrez le blazer femme bleu crois\u00e9 VESTE BAB BLEU en tissu cr\u00eape avec ceinture et col \u00e0 revers. \u00c9l\u00e9gant, structur\u00e9 et f\u00e9minin.\" \/>\n<meta name=\"robots\" content=\"index, follow, max-snippet:-1, max-image-preview:large, max-video-preview:-1\" \/>\n<link rel=\"canonical\" href=\"https:\/\/babelegance.ma\/ar\/product\/blazer-femme-bleu-croise-ceinture-crepe\/\" \/>\n<meta property=\"og:locale\" content=\"ar_AR\" \/>\n<meta property=\"og:type\" content=\"article\" \/>\n<meta property=\"og:title\" content=\"Blazer Femme Bleu Crois\u00e9 avec Ceinture\" \/>\n<meta property=\"og:description\" content=\"D\u00e9couvrez le blazer femme bleu crois\u00e9 VESTE BAB BLEU en tissu cr\u00eape avec ceinture et col \u00e0 revers. \u00c9l\u00e9gant, structur\u00e9 et f\u00e9minin.\" \/>\n<meta property=\"og:url\" content=\"https:\/\/babelegance.ma\/ar\/product\/blazer-femme-bleu-croise-ceinture-crepe\/\" \/>\n<meta property=\"og:site_name\" content=\"Bab Elegance\" \/>\n<meta property=\"article:publisher\" content=\"https:\/\/facebook.com\/babelegance\" \/>\n<meta property=\"article:modified_time\" content=\"2026-03-26T17:54:12+00:00\" \/>\n<meta property=\"og:image\" content=\"http:\/\/babelegance.ma\/wp-content\/uploads\/2024\/12\/mini_-DSC09765.jpg\" \/>\n\t<meta property=\"og:image:width\" content=\"1024\" \/>\n\t<meta property=\"og:image:height\" content=\"1371\" \/>\n\t<meta property=\"og:image:type\" content=\"image\/jpeg\" \/>\n<meta name=\"twitter:card\" content=\"summary_large_image\" \/>\n<meta name=\"twitter:title\" content=\"Blazer Femme Bleu Crois\u00e9 avec Ceinture\" \/>\n<meta name=\"twitter:description\" content=\"D\u00e9couvrez le blazer femme bleu crois\u00e9 VESTE BAB BLEU en tissu cr\u00eape avec ceinture et col \u00e0 revers. \u00c9l\u00e9gant, structur\u00e9 et f\u00e9minin.\" \/>\n<meta name=\"twitter:image\" content=\"https:\/\/babelegance.ma\/wp-content\/uploads\/2024\/12\/mini_-DSC09765.jpg\" \/>\n<meta name=\"twitter:label1\" content=\"\u0648\u0642\u062a \u0627\u0644\u0642\u0631\u0627\u0621\u0629 \u0627\u0644\u0645\u064f\u0642\u062f\u0651\u0631\" \/>\n\t<meta name=\"twitter:data1\" content=\"3 \u062f\u0642\u0627\u0626\u0642\" \/>\n<script type=\"application\/ld+json\" class=\"yoast-schema-graph\">{\"@context\":\"https:\\\/\\\/schema.org\",\"@graph\":[{\"@type\":\"WebPage\",\"@id\":\"https:\\\/\\\/babelegance.ma\\\/product\\\/blazer-femme-bleu-croise-ceinture-crepe\\\/\",\"url\":\"https:\\\/\\\/babelegance.ma\\\/product\\\/blazer-femme-bleu-croise-ceinture-crepe\\\/\",\"name\":\"Blazer Femme Bleu Crois\u00e9 avec Ceinture - Bab Elegance\",\"isPartOf\":{\"@id\":\"https:\\\/\\\/babelegance.ma\\\/#website\"},\"primaryImageOfPage\":{\"@id\":\"https:\\\/\\\/babelegance.ma\\\/product\\\/blazer-femme-bleu-croise-ceinture-crepe\\\/#primaryimage\"},\"image\":{\"@id\":\"https:\\\/\\\/babelegance.ma\\\/product\\\/blazer-femme-bleu-croise-ceinture-crepe\\\/#primaryimage\"},\"thumbnailUrl\":\"https:\\\/\\\/babelegance.ma\\\/wp-content\\\/uploads\\\/2024\\\/12\\\/mini_-DSC09765.jpg\",\"datePublished\":\"2024-12-17T09:41:52+00:00\",\"dateModified\":\"2026-03-26T17:54:12+00:00\",\"description\":\"D\u00e9couvrez le blazer femme bleu crois\u00e9 VESTE BAB BLEU en tissu cr\u00eape avec ceinture et col \u00e0 revers. \u00c9l\u00e9gant, structur\u00e9 et f\u00e9minin.\",\"breadcrumb\":{\"@id\":\"https:\\\/\\\/babelegance.ma\\\/product\\\/blazer-femme-bleu-croise-ceinture-crepe\\\/#breadcrumb\"},\"inLanguage\":\"ar\",\"potentialAction\":[{\"@type\":\"ReadAction\",\"target\":[\"https:\\\/\\\/babelegance.ma\\\/product\\\/blazer-femme-bleu-croise-ceinture-crepe\\\/\"]}]},{\"@type\":\"ImageObject\",\"inLanguage\":\"ar\",\"@id\":\"https:\\\/\\\/babelegance.ma\\\/product\\\/blazer-femme-bleu-croise-ceinture-crepe\\\/#primaryimage\",\"url\":\"https:\\\/\\\/babelegance.ma\\\/wp-content\\\/uploads\\\/2024\\\/12\\\/mini_-DSC09765.jpg\",\"contentUrl\":\"https:\\\/\\\/babelegance.ma\\\/wp-content\\\/uploads\\\/2024\\\/12\\\/mini_-DSC09765.jpg\",\"width\":1024,\"height\":1371,\"caption\":\"Blazer femme crois\u00e9 bleu en cr\u00eape\"},{\"@type\":\"BreadcrumbList\",\"@id\":\"https:\\\/\\\/babelegance.ma\\\/product\\\/blazer-femme-bleu-croise-ceinture-crepe\\\/#breadcrumb\",\"itemListElement\":[{\"@type\":\"ListItem\",\"position\":1,\"name\":\"Accueil\",\"item\":\"https:\\\/\\\/babelegance.ma\\\/\"},{\"@type\":\"ListItem\",\"position\":2,\"name\":\"Shop\",\"item\":\"https:\\\/\\\/babelegance.ma\\\/shop\\\/\"},{\"@type\":\"ListItem\",\"position\":3,\"name\":\"Blazer Femme Bleu Crois\u00e9 avec Ceinture\"}]},{\"@type\":\"WebSite\",\"@id\":\"https:\\\/\\\/babelegance.ma\\\/#website\",\"url\":\"https:\\\/\\\/babelegance.ma\\\/\",\"name\":\"Bab Elegance\",\"description\":\"Votre univers de mode\",\"publisher\":{\"@id\":\"https:\\\/\\\/babelegance.ma\\\/#organization\"},\"potentialAction\":[{\"@type\":\"SearchAction\",\"target\":{\"@type\":\"EntryPoint\",\"urlTemplate\":\"https:\\\/\\\/babelegance.ma\\\/?s={search_term_string}\"},\"query-input\":{\"@type\":\"PropertyValueSpecification\",\"valueRequired\":true,\"valueName\":\"search_term_string\"}}],\"inLanguage\":\"ar\"},{\"@type\":\"Organization\",\"@id\":\"https:\\\/\\\/babelegance.ma\\\/#organization\",\"name\":\"BAB elegance\",\"url\":\"https:\\\/\\\/babelegance.ma\\\/\",\"logo\":{\"@type\":\"ImageObject\",\"inLanguage\":\"ar\",\"@id\":\"https:\\\/\\\/babelegance.ma\\\/#\\\/schema\\\/logo\\\/image\\\/\",\"url\":\"https:\\\/\\\/babelegance.ma\\\/wp-content\\\/uploads\\\/2022\\\/07\\\/logo-bab-elegance-2.png\",\"contentUrl\":\"https:\\\/\\\/babelegance.ma\\\/wp-content\\\/uploads\\\/2022\\\/07\\\/logo-bab-elegance-2.png\",\"width\":146,\"height\":94,\"caption\":\"BAB elegance\"},\"image\":{\"@id\":\"https:\\\/\\\/babelegance.ma\\\/#\\\/schema\\\/logo\\\/image\\\/\"},\"sameAs\":[\"https:\\\/\\\/facebook.com\\\/babelegance\",\"https:\\\/\\\/instagram.com\\\/babelegance\",\"https:\\\/\\\/www.youtube.com\\\/channel\\\/UCE3JJFA5VbCxy69txuxJcHQ\",\"http:\\\/\\\/vm.tiktok.com\\\/ZSedvx3Gt\\\/\"]}]}<\/script>\n<!-- \/ Yoast SEO plugin. -->","yoast_head_json":{"title":"Blazer Femme Bleu Crois\u00e9 avec Ceinture - Bab Elegance","description":"D\u00e9couvrez le blazer femme bleu crois\u00e9 VESTE BAB BLEU en tissu cr\u00eape avec ceinture et col \u00e0 revers. \u00c9l\u00e9gant, structur\u00e9 et f\u00e9minin.","robots":{"index":"index","follow":"follow","max-snippet":"max-snippet:-1","max-image-preview":"max-image-preview:large","max-video-preview":"max-video-preview:-1"},"canonical":"https:\/\/babelegance.ma\/ar\/product\/blazer-femme-bleu-croise-ceinture-crepe\/","og_locale":"ar_AR","og_type":"article","og_title":"Blazer Femme Bleu Crois\u00e9 avec Ceinture","og_description":"D\u00e9couvrez le blazer femme bleu crois\u00e9 VESTE BAB BLEU en tissu cr\u00eape avec ceinture et col \u00e0 revers. \u00c9l\u00e9gant, structur\u00e9 et f\u00e9minin.","og_url":"https:\/\/babelegance.ma\/ar\/product\/blazer-femme-bleu-croise-ceinture-crepe\/","og_site_name":"Bab Elegance","article_publisher":"https:\/\/facebook.com\/babelegance","article_modified_time":"2026-03-26T17:54:12+00:00","og_image":[{"width":1024,"height":1371,"url":"http:\/\/babelegance.ma\/wp-content\/uploads\/2024\/12\/mini_-DSC09765.jpg","type":"image\/jpeg"}],"twitter_card":"summary_large_image","twitter_title":"Blazer Femme Bleu Crois\u00e9 avec Ceinture","twitter_description":"D\u00e9couvrez le blazer femme bleu crois\u00e9 VESTE BAB BLEU en tissu cr\u00eape avec ceinture et col \u00e0 revers. \u00c9l\u00e9gant, structur\u00e9 et f\u00e9minin.","twitter_image":"https:\/\/babelegance.ma\/wp-content\/uploads\/2024\/12\/mini_-DSC09765.jpg","twitter_misc":{"\u0648\u0642\u062a \u0627\u0644\u0642\u0631\u0627\u0621\u0629 \u0627\u0644\u0645\u064f\u0642\u062f\u0651\u0631":"3 \u062f\u0642\u0627\u0626\u0642"},"schema":{"@context":"https:\/\/schema.org","@graph":[{"@type":"WebPage","@id":"https:\/\/babelegance.ma\/product\/blazer-femme-bleu-croise-ceinture-crepe\/","url":"https:\/\/babelegance.ma\/product\/blazer-femme-bleu-croise-ceinture-crepe\/","name":"Blazer Femme Bleu Crois\u00e9 avec Ceinture - Bab Elegance","isPartOf":{"@id":"https:\/\/babelegance.ma\/#website"},"primaryImageOfPage":{"@id":"https:\/\/babelegance.ma\/product\/blazer-femme-bleu-croise-ceinture-crepe\/#primaryimage"},"image":{"@id":"https:\/\/babelegance.ma\/product\/blazer-femme-bleu-croise-ceinture-crepe\/#primaryimage"},"thumbnailUrl":"https:\/\/babelegance.ma\/wp-content\/uploads\/2024\/12\/mini_-DSC09765.jpg","datePublished":"2024-12-17T09:41:52+00:00","dateModified":"2026-03-26T17:54:12+00:00","description":"D\u00e9couvrez le blazer femme bleu crois\u00e9 VESTE BAB BLEU en tissu cr\u00eape avec ceinture et col \u00e0 revers. \u00c9l\u00e9gant, structur\u00e9 et f\u00e9minin.","breadcrumb":{"@id":"https:\/\/babelegance.ma\/product\/blazer-femme-bleu-croise-ceinture-crepe\/#breadcrumb"},"inLanguage":"ar","potentialAction":[{"@type":"ReadAction","target":["https:\/\/babelegance.ma\/product\/blazer-femme-bleu-croise-ceinture-crepe\/"]}]},{"@type":"ImageObject","inLanguage":"ar","@id":"https:\/\/babelegance.ma\/product\/blazer-femme-bleu-croise-ceinture-crepe\/#primaryimage","url":"https:\/\/babelegance.ma\/wp-content\/uploads\/2024\/12\/mini_-DSC09765.jpg","contentUrl":"https:\/\/babelegance.ma\/wp-content\/uploads\/2024\/12\/mini_-DSC09765.jpg","width":1024,"height":1371,"caption":"Blazer femme crois\u00e9 bleu en cr\u00eape"},{"@type":"BreadcrumbList","@id":"https:\/\/babelegance.ma\/product\/blazer-femme-bleu-croise-ceinture-crepe\/#breadcrumb","itemListElement":[{"@type":"ListItem","position":1,"name":"Accueil","item":"https:\/\/babelegance.ma\/"},{"@type":"ListItem","position":2,"name":"Shop","item":"https:\/\/babelegance.ma\/shop\/"},{"@type":"ListItem","position":3,"name":"Blazer Femme Bleu Crois\u00e9 avec Ceinture"}]},{"@type":"WebSite","@id":"https:\/\/babelegance.ma\/#website","url":"https:\/\/babelegance.ma\/","name":"Bab Elegance","description":"Votre univers de mode","publisher":{"@id":"https:\/\/babelegance.ma\/#organization"},"potentialAction":[{"@type":"SearchAction","target":{"@type":"EntryPoint","urlTemplate":"https:\/\/babelegance.ma\/?s={search_term_string}"},"query-input":{"@type":"PropertyValueSpecification","valueRequired":true,"valueName":"search_term_string"}}],"inLanguage":"ar"},{"@type":"Organization","@id":"https:\/\/babelegance.ma\/#organization","name":"BAB elegance","url":"https:\/\/babelegance.ma\/","logo":{"@type":"ImageObject","inLanguage":"ar","@id":"https:\/\/babelegance.ma\/#\/schema\/logo\/image\/","url":"https:\/\/babelegance.ma\/wp-content\/uploads\/2022\/07\/logo-bab-elegance-2.png","contentUrl":"https:\/\/babelegance.ma\/wp-content\/uploads\/2022\/07\/logo-bab-elegance-2.png","width":146,"height":94,"caption":"BAB elegance"},"image":{"@id":"https:\/\/babelegance.ma\/#\/schema\/logo\/image\/"},"sameAs":["https:\/\/facebook.com\/babelegance","https:\/\/instagram.com\/babelegance","https:\/\/www.youtube.com\/channel\/UCE3JJFA5VbCxy69txuxJcHQ","http:\/\/vm.tiktok.com\/ZSedvx3Gt\/"]}]}},"jetpack_sharing_enabled":true,"_links":{"self":[{"href":"https:\/\/babelegance.ma\/ar\/wp-json\/wp\/v2\/product\/3023","targetHints":{"allow":["GET"]}}],"collection":[{"href":"https:\/\/babelegance.ma\/ar\/wp-json\/wp\/v2\/product"}],"about":[{"href":"https:\/\/babelegance.ma\/ar\/wp-json\/wp\/v2\/types\/product"}],"replies":[{"embeddable":true,"href":"https:\/\/babelegance.ma\/ar\/wp-json\/wp\/v2\/comments?post=3023"}],"wp:featuredmedia":[{"embeddable":true,"href":"https:\/\/babelegance.ma\/ar\/wp-json\/wp\/v2\/media\/2995"}],"wp:attachment":[{"href":"https:\/\/babelegance.ma\/ar\/wp-json\/wp\/v2\/media?parent=3023"}],"wp:term":[{"taxonomy":"product_brand","embeddable":true,"href":"https:\/\/babelegance.ma\/ar\/wp-json\/wp\/v2\/product_brand?post=3023"},{"taxonomy":"product_cat","embeddable":true,"href":"https:\/\/babelegance.ma\/ar\/wp-json\/wp\/v2\/product_cat?post=3023"},{"taxonomy":"product_tag","embeddable":true,"href":"https:\/\/babelegance.ma\/ar\/wp-json\/wp\/v2\/product_tag?post=3023"}],"curies":[{"name":"wp","href":"https:\/\/api.w.org\/{rel}","templated":true}]}}