{"id":3,"date":"2022-06-14T23:51:46","date_gmt":"2022-06-14T21:51:46","guid":{"rendered":"https:\/\/babelegance.ma\/?page_id=3"},"modified":"2025-09-27T19:26:04","modified_gmt":"2025-09-27T18:26:04","slug":"politique-de-confidentialite","status":"publish","type":"page","link":"https:\/\/babelegance.ma\/ar\/politique-de-confidentialite\/","title":{"rendered":"Politique de confidentialit\u00e9"},"content":{"rendered":"<h2 class=\"wp-block-heading\">BAB Elegance<\/h2>\n\n\n\n<p>La s\u00e9curit\u00e9 de vos donn\u00e9es<\/p>\n\n\n\n<p><strong>\u00c9nonc\u00e9 de principe :<\/strong><\/p>\n\n\n\n<p>BAB Elegance s&#8217;engage \u00e0 se conformer \u00e0 l&#8217;ensemble des lois en vigueur en mati\u00e8re de protection des donn\u00e9es et confidentialit\u00e9 de la vie priv\u00e9e, et ce partout o\u00f9 l&#8217;enseigne du Magasin&nbsp;exerce ses activit\u00e9s. BAB Elegance&nbsp;respecte la vie priv\u00e9e de ses membres. Toutes les donn\u00e9es \u00e0 caract\u00e8re personnel collect\u00e9es par&nbsp;BAB Elegance&nbsp;au sujet&nbsp;de tiers seront trait\u00e9es avec le plus grand soin, prot\u00e9g\u00e9es et utilis\u00e9es de mani\u00e8re l\u00e9gale et appropri\u00e9e.<\/p>\n\n\n\n<p><strong>Objectif :<\/strong><\/p>\n\n\n\n<p>Le pr\u00e9sent Principe a \u00e9t\u00e9 \u00e9tabli afin de garantir que BAB Elegance&nbsp;se conforme \u00e0 l&#8217;ensemble de la l\u00e9gislation relative \u00e0 la protection de la vie priv\u00e9e et des donn\u00e9es \u00e0 caract\u00e8re personnel. Cet engagement refl\u00e8te l&#8217;importance que BAB Elegance&nbsp;accorde au fait d&#8217;obtenir et de conserver la confiance de ses clients ainsi que des tiers qui lui ont confi\u00e9 leurs donn\u00e9es personnelles.<\/p>\n\n\n\n<p>Le pr\u00e9sent Principe s&#8217;applique \u00e0 tous les clients, et peut \u00e9galement s&#8217;imposer aux personnes qui agissent pour le compte de BAB Elegance.<\/p>\n\n\n\n<p><strong>Directives suppl\u00e9mentaires :<\/strong><\/p>\n\n\n\n<p>Conform\u00e9ment \u00e0 la l\u00e9gislation en vigueur, BAB Elegance&nbsp;adh\u00e8re aux r\u00e8gles suivantes :<\/p>\n\n\n\n<p>Restrictions dans la collecte, l&#8217;usage et la divulgation d&#8217;informations \u00e0 caract\u00e8re personnel.<\/p>\n\n\n\n<p>\u2022&nbsp;<strong>Information<\/strong>&nbsp;\u2013 BAB Elegance&nbsp;communiquera, en temps voulu et en bonne et due forme, des renseignements portant sur les pratiques qu&#8217;elle met en oeuvre en mati\u00e8re de collecte de donn\u00e9es.<\/p>\n\n\n\n<p>\u2022&nbsp;<strong>Consentement<\/strong>&nbsp;\u2013 BAB Elegance&nbsp;collectera, utilisera, divulguera et transf\u00e9rera les donn\u00e9es personnelles en sa possession uniquement avec l&#8217;accord de la personne concern\u00e9e. En fonction du niveau de sensibilit\u00e9 des donn\u00e9es en question, des attentes raisonnables de la personne concern\u00e9e et des exigences l\u00e9gales dans ce domaine, ce consentement pourra \u00eatre expr\u00e8s ou implicite.<\/p>\n\n\n\n<p>\u2022&nbsp;<strong>Restrictions en termes d&#8217;usage<\/strong>&nbsp;\u2013 BAB Elegance&nbsp;collectera les donn\u00e9es personnelles exclusivement \u00e0 des fins pr\u00e9cises et bien d\u00e9limit\u00e9es. Ces donn\u00e9es pr\u00e9senteront un caract\u00e8re pertinent, ad\u00e9quat et mesur\u00e9 au vu de leur utilisation pr\u00e9vue. BAB Elegance&nbsp;n\u2019utilisera pas les donn\u00e9es personnelles \u00e0 d\u2019autres fins que celles pour lesquelles elles ont \u00e9t\u00e9 collect\u00e9es \u00e0 l&#8217;origine, sauf si la personne concern\u00e9e a ult\u00e9rieurement donn\u00e9 son accord au nouvel usage de ses donn\u00e9es.<\/p>\n\n\n\n<p>\u2022&nbsp;<strong>Marketing direct<\/strong>&nbsp;\u2013 BAB Elegance&nbsp;n&#8217;exploitera pas les donn\u00e9es personnelles \u00e0 des fins de marketing direct sans avoir donn\u00e9 la possibilit\u00e9 \u00e0 la personne concern\u00e9e de faire opposition \u00e0 un tel usage.<\/p>\n\n\n\n<p><a href=\"mailto:babelegance@gmail.com\"><\/a><\/p>","protected":false},"excerpt":{"rendered":"<p>BAB Elegance La s\u00e9curit\u00e9 de vos donn\u00e9es \u00c9nonc\u00e9 de principe : BAB Elegance s&#8217;engage \u00e0 se conformer \u00e0 l&#8217;ensemble des lois en vigueur en mati\u00e8re de protection des donn\u00e9es et confidentialit\u00e9 de la vie priv\u00e9e, et ce partout o\u00f9 l&#8217;enseigne du Magasin&nbsp;exerce ses activit\u00e9s. BAB Elegance&nbsp;respecte la vie priv\u00e9e de ses membres. Toutes les donn\u00e9es [&hellip;]<\/p>\n","protected":false},"author":1,"featured_media":0,"parent":0,"menu_order":0,"comment_status":"closed","ping_status":"open","template":"","meta":{"om_disable_all_campaigns":false,"_monsterinsights_skip_tracking":false,"_monsterinsights_sitenote_active":false,"_monsterinsights_sitenote_note":"","_monsterinsights_sitenote_category":0,"_uf_show_specific_survey":0,"_uf_disable_surveys":false,"footnotes":""},"class_list":["post-3","page","type-page","status-publish","hentry"],"yoast_head":"<!-- This site is optimized with the Yoast SEO plugin v27.5 - https:\/\/yoast.com\/product\/yoast-seo-wordpress\/ -->\n<title>Politique de confidentialit\u00e9 - Bab Elegance<\/title>\n<meta name=\"description\" content=\"BAB Elegance est une boutique d\u2019articles de mode en ligne. Nous mettons tout en \u0153uvre pour vous apporter les derni\u00e8res tendances directement\" \/>\n<meta name=\"robots\" content=\"index, follow, max-snippet:-1, max-image-preview:large, max-video-preview:-1\" \/>\n<link rel=\"canonical\" href=\"https:\/\/babelegance.ma\/ar\/politique-de-confidentialite\/\" \/>\n<meta property=\"og:locale\" content=\"ar_AR\" \/>\n<meta property=\"og:type\" content=\"article\" \/>\n<meta property=\"og:title\" content=\"Bab Elegance - Votre univers de mode\" \/>\n<meta property=\"og:description\" content=\"BAB Elegance est une boutique d\u2019articles de mode en ligne. Nous mettons tout en \u0153uvre pour vous apporter les derni\u00e8res tendances directement\" \/>\n<meta property=\"og:url\" content=\"https:\/\/babelegance.ma\/ar\/politique-de-confidentialite\/\" \/>\n<meta property=\"og:site_name\" content=\"Bab Elegance\" \/>\n<meta property=\"article:publisher\" content=\"https:\/\/facebook.com\/babelegance\" \/>\n<meta property=\"article:modified_time\" content=\"2025-09-27T18:26:04+00:00\" \/>\n<meta property=\"og:image\" content=\"http:\/\/babelegance.ma\/wp-content\/uploads\/2022\/07\/slide-1-B-FILEminimizer.jpg\" \/>\n\t<meta property=\"og:image:width\" content=\"1365\" \/>\n\t<meta property=\"og:image:height\" content=\"768\" \/>\n\t<meta property=\"og:image:type\" content=\"image\/jpeg\" \/>\n<meta name=\"twitter:card\" content=\"summary_large_image\" \/>\n<meta name=\"twitter:title\" content=\"Bab Elegance - Votre univers de mode\" \/>\n<meta name=\"twitter:description\" content=\"BAB Elegance est une boutique d\u2019articles de mode en ligne. Nous mettons tout en \u0153uvre pour vous apporter les derni\u00e8res tendances directement\" \/>\n<meta name=\"twitter:image\" content=\"https:\/\/babelegance.ma\/wp-content\/uploads\/2022\/07\/slide-1-B-FILEminimizer.jpg\" \/>\n<meta name=\"twitter:label1\" content=\"\u0648\u0642\u062a \u0627\u0644\u0642\u0631\u0627\u0621\u0629 \u0627\u0644\u0645\u064f\u0642\u062f\u0651\u0631\" \/>\n\t<meta name=\"twitter:data1\" content=\"\u062f\u0642\u064a\u0642\u062a\u0627\u0646\" \/>\n<script type=\"application\/ld+json\" class=\"yoast-schema-graph\">{\"@context\":\"https:\\\/\\\/schema.org\",\"@graph\":[{\"@type\":\"WebPage\",\"@id\":\"https:\\\/\\\/babelegance.ma\\\/politique-de-confidentialite\\\/\",\"url\":\"https:\\\/\\\/babelegance.ma\\\/politique-de-confidentialite\\\/\",\"name\":\"Politique de confidentialit\u00e9 - Bab Elegance\",\"isPartOf\":{\"@id\":\"https:\\\/\\\/babelegance.ma\\\/#website\"},\"datePublished\":\"2022-06-14T21:51:46+00:00\",\"dateModified\":\"2025-09-27T18:26:04+00:00\",\"description\":\"BAB Elegance est une boutique d\u2019articles de mode en ligne. Nous mettons tout en \u0153uvre pour vous apporter les derni\u00e8res tendances directement\",\"breadcrumb\":{\"@id\":\"https:\\\/\\\/babelegance.ma\\\/politique-de-confidentialite\\\/#breadcrumb\"},\"inLanguage\":\"ar\",\"potentialAction\":[{\"@type\":\"ReadAction\",\"target\":[\"https:\\\/\\\/babelegance.ma\\\/politique-de-confidentialite\\\/\"]}]},{\"@type\":\"BreadcrumbList\",\"@id\":\"https:\\\/\\\/babelegance.ma\\\/politique-de-confidentialite\\\/#breadcrumb\",\"itemListElement\":[{\"@type\":\"ListItem\",\"position\":1,\"name\":\"Accueil\",\"item\":\"https:\\\/\\\/babelegance.ma\\\/\"},{\"@type\":\"ListItem\",\"position\":2,\"name\":\"Politique de confidentialit\u00e9\"}]},{\"@type\":\"WebSite\",\"@id\":\"https:\\\/\\\/babelegance.ma\\\/#website\",\"url\":\"https:\\\/\\\/babelegance.ma\\\/\",\"name\":\"Bab Elegance\",\"description\":\"Votre univers de mode\",\"publisher\":{\"@id\":\"https:\\\/\\\/babelegance.ma\\\/#organization\"},\"potentialAction\":[{\"@type\":\"SearchAction\",\"target\":{\"@type\":\"EntryPoint\",\"urlTemplate\":\"https:\\\/\\\/babelegance.ma\\\/?s={search_term_string}\"},\"query-input\":{\"@type\":\"PropertyValueSpecification\",\"valueRequired\":true,\"valueName\":\"search_term_string\"}}],\"inLanguage\":\"ar\"},{\"@type\":\"Organization\",\"@id\":\"https:\\\/\\\/babelegance.ma\\\/#organization\",\"name\":\"BAB elegance\",\"url\":\"https:\\\/\\\/babelegance.ma\\\/\",\"logo\":{\"@type\":\"ImageObject\",\"inLanguage\":\"ar\",\"@id\":\"https:\\\/\\\/babelegance.ma\\\/#\\\/schema\\\/logo\\\/image\\\/\",\"url\":\"https:\\\/\\\/babelegance.ma\\\/wp-content\\\/uploads\\\/2022\\\/07\\\/logo-bab-elegance-2.png\",\"contentUrl\":\"https:\\\/\\\/babelegance.ma\\\/wp-content\\\/uploads\\\/2022\\\/07\\\/logo-bab-elegance-2.png\",\"width\":146,\"height\":94,\"caption\":\"BAB elegance\"},\"image\":{\"@id\":\"https:\\\/\\\/babelegance.ma\\\/#\\\/schema\\\/logo\\\/image\\\/\"},\"sameAs\":[\"https:\\\/\\\/facebook.com\\\/babelegance\",\"https:\\\/\\\/instagram.com\\\/babelegance\",\"https:\\\/\\\/www.youtube.com\\\/channel\\\/UCE3JJFA5VbCxy69txuxJcHQ\",\"http:\\\/\\\/vm.tiktok.com\\\/ZSedvx3Gt\\\/\"]}]}<\/script>\n<!-- \/ Yoast SEO plugin. -->","yoast_head_json":{"title":"Politique de confidentialit\u00e9 - Bab Elegance","description":"BAB Elegance est une boutique d\u2019articles de mode en ligne. Nous mettons tout en \u0153uvre pour vous apporter les derni\u00e8res tendances directement","robots":{"index":"index","follow":"follow","max-snippet":"max-snippet:-1","max-image-preview":"max-image-preview:large","max-video-preview":"max-video-preview:-1"},"canonical":"https:\/\/babelegance.ma\/ar\/politique-de-confidentialite\/","og_locale":"ar_AR","og_type":"article","og_title":"Bab Elegance - Votre univers de mode","og_description":"BAB Elegance est une boutique d\u2019articles de mode en ligne. Nous mettons tout en \u0153uvre pour vous apporter les derni\u00e8res tendances directement","og_url":"https:\/\/babelegance.ma\/ar\/politique-de-confidentialite\/","og_site_name":"Bab Elegance","article_publisher":"https:\/\/facebook.com\/babelegance","article_modified_time":"2025-09-27T18:26:04+00:00","og_image":[{"width":1365,"height":768,"url":"http:\/\/babelegance.ma\/wp-content\/uploads\/2022\/07\/slide-1-B-FILEminimizer.jpg","type":"image\/jpeg"}],"twitter_card":"summary_large_image","twitter_title":"Bab Elegance - Votre univers de mode","twitter_description":"BAB Elegance est une boutique d\u2019articles de mode en ligne. Nous mettons tout en \u0153uvre pour vous apporter les derni\u00e8res tendances directement","twitter_image":"https:\/\/babelegance.ma\/wp-content\/uploads\/2022\/07\/slide-1-B-FILEminimizer.jpg","twitter_misc":{"\u0648\u0642\u062a \u0627\u0644\u0642\u0631\u0627\u0621\u0629 \u0627\u0644\u0645\u064f\u0642\u062f\u0651\u0631":"\u062f\u0642\u064a\u0642\u062a\u0627\u0646"},"schema":{"@context":"https:\/\/schema.org","@graph":[{"@type":"WebPage","@id":"https:\/\/babelegance.ma\/politique-de-confidentialite\/","url":"https:\/\/babelegance.ma\/politique-de-confidentialite\/","name":"Politique de confidentialit\u00e9 - Bab Elegance","isPartOf":{"@id":"https:\/\/babelegance.ma\/#website"},"datePublished":"2022-06-14T21:51:46+00:00","dateModified":"2025-09-27T18:26:04+00:00","description":"BAB Elegance est une boutique d\u2019articles de mode en ligne. Nous mettons tout en \u0153uvre pour vous apporter les derni\u00e8res tendances directement","breadcrumb":{"@id":"https:\/\/babelegance.ma\/politique-de-confidentialite\/#breadcrumb"},"inLanguage":"ar","potentialAction":[{"@type":"ReadAction","target":["https:\/\/babelegance.ma\/politique-de-confidentialite\/"]}]},{"@type":"BreadcrumbList","@id":"https:\/\/babelegance.ma\/politique-de-confidentialite\/#breadcrumb","itemListElement":[{"@type":"ListItem","position":1,"name":"Accueil","item":"https:\/\/babelegance.ma\/"},{"@type":"ListItem","position":2,"name":"Politique de confidentialit\u00e9"}]},{"@type":"WebSite","@id":"https:\/\/babelegance.ma\/#website","url":"https:\/\/babelegance.ma\/","name":"Bab Elegance","description":"Votre univers de mode","publisher":{"@id":"https:\/\/babelegance.ma\/#organization"},"potentialAction":[{"@type":"SearchAction","target":{"@type":"EntryPoint","urlTemplate":"https:\/\/babelegance.ma\/?s={search_term_string}"},"query-input":{"@type":"PropertyValueSpecification","valueRequired":true,"valueName":"search_term_string"}}],"inLanguage":"ar"},{"@type":"Organization","@id":"https:\/\/babelegance.ma\/#organization","name":"BAB elegance","url":"https:\/\/babelegance.ma\/","logo":{"@type":"ImageObject","inLanguage":"ar","@id":"https:\/\/babelegance.ma\/#\/schema\/logo\/image\/","url":"https:\/\/babelegance.ma\/wp-content\/uploads\/2022\/07\/logo-bab-elegance-2.png","contentUrl":"https:\/\/babelegance.ma\/wp-content\/uploads\/2022\/07\/logo-bab-elegance-2.png","width":146,"height":94,"caption":"BAB elegance"},"image":{"@id":"https:\/\/babelegance.ma\/#\/schema\/logo\/image\/"},"sameAs":["https:\/\/facebook.com\/babelegance","https:\/\/instagram.com\/babelegance","https:\/\/www.youtube.com\/channel\/UCE3JJFA5VbCxy69txuxJcHQ","http:\/\/vm.tiktok.com\/ZSedvx3Gt\/"]}]}},"jetpack_sharing_enabled":true,"_links":{"self":[{"href":"https:\/\/babelegance.ma\/ar\/wp-json\/wp\/v2\/pages\/3","targetHints":{"allow":["GET"]}}],"collection":[{"href":"https:\/\/babelegance.ma\/ar\/wp-json\/wp\/v2\/pages"}],"about":[{"href":"https:\/\/babelegance.ma\/ar\/wp-json\/wp\/v2\/types\/page"}],"author":[{"embeddable":true,"href":"https:\/\/babelegance.ma\/ar\/wp-json\/wp\/v2\/users\/1"}],"replies":[{"embeddable":true,"href":"https:\/\/babelegance.ma\/ar\/wp-json\/wp\/v2\/comments?post=3"}],"version-history":[{"count":5,"href":"https:\/\/babelegance.ma\/ar\/wp-json\/wp\/v2\/pages\/3\/revisions"}],"predecessor-version":[{"id":3558,"href":"https:\/\/babelegance.ma\/ar\/wp-json\/wp\/v2\/pages\/3\/revisions\/3558"}],"wp:attachment":[{"href":"https:\/\/babelegance.ma\/ar\/wp-json\/wp\/v2\/media?parent=3"}],"curies":[{"name":"wp","href":"https:\/\/api.w.org\/{rel}","templated":true}]}}