{"id":1252,"date":"2022-07-07T13:30:42","date_gmt":"2022-07-07T11:30:42","guid":{"rendered":"https:\/\/babelegance.ma\/?page_id=1252"},"modified":"2025-09-27T19:32:29","modified_gmt":"2025-09-27T18:32:29","slug":"politique-de-livraison","status":"publish","type":"page","link":"https:\/\/babelegance.ma\/ar\/politique-de-livraison\/","title":{"rendered":"Politique de livraison"},"content":{"rendered":"<div data-elementor-type=\"wp-page\" data-elementor-id=\"1252\" class=\"elementor elementor-1252\">\n\t\t\t\t\t\t<section class=\"elementor-section elementor-top-section elementor-element elementor-element-45676a25 elementor-section-boxed elementor-section-height-default elementor-section-height-default\" data-id=\"45676a25\" data-element_type=\"section\" data-e-type=\"section\">\n\t\t\t\t\t\t<div class=\"elementor-container elementor-column-gap-default\">\n\t\t\t\t\t<div class=\"elementor-column elementor-col-100 elementor-top-column elementor-element elementor-element-15b3c7f7\" data-id=\"15b3c7f7\" data-element_type=\"column\" data-e-type=\"column\">\n\t\t\t<div class=\"elementor-widget-wrap elementor-element-populated\">\n\t\t\t\t\t\t<div class=\"elementor-element elementor-element-5d9ca955 elementor-widget elementor-widget-text-editor\" data-id=\"5d9ca955\" data-element_type=\"widget\" data-e-type=\"widget\" data-widget_type=\"text-editor.default\">\n\t\t\t\t\t\t\t\t\t<p><em><b>Mode de livraison\u00a0:<\/b>\u00a0<\/em><em>Amana Express, Chrono Diali, Cathedis et Tlog<\/em><\/p>\n<p><!-- \/wp:paragraph --><\/p>\n<p><!-- wp:paragraph --><\/p>\n<p><em><b>Mode de paiement\u00a0:<\/b> Cash \u00e0 la livraison.<\/em><\/p>\n<p><!-- \/wp:paragraph --><\/p>\n<p><!-- wp:paragraph --><\/p>\n<p><em><b>Frais de livraison\u00a0:<\/b>\u00a040 Dh (gratuit pour toute commande sup\u00e9rieure \u00e0 1000 Dh)<\/em><\/p>\n<p><!-- \/wp:paragraph --><\/p>\n<p><!-- wp:paragraph --><\/p>\n<p><em><b>D\u00e9lai de livraison\u00a0:<\/b>\u00a0Estim\u00e9e de 24h \u00e0 72h \u00e0 compter de la date de validation de votre commande.<\/em><\/p>\n<p><!-- \/wp:paragraph --><\/p>\n<p><!-- wp:paragraph --><\/p>\n<p><em>Pas de livraison le dimanche et jours f\u00e9ri\u00e9s.<\/em><\/p>\n<p><!-- \/wp:paragraph --><\/p>\n<p><!-- wp:paragraph --><\/p>\n<p><em>Les articles sont envoy\u00e9s par Amana Express, Chrono Diali, Cathedis et Tlog. Il n\u2019est toutefois pas possible pour le client \/ cliente de choisir le transporteur.<\/em><\/p>\n<p><!-- \/wp:paragraph --><\/p>\n<p><!-- wp:paragraph --><\/p>\n<p><em>Afin de garantir le d\u00e9lai de livraison indiqu\u00e9, nous vous invitons \u00e0 renseigner toutes les informations relatives \u00e0 la livraison en particulier l\u2019adresse exacte.<\/em><\/p>\n<p><!-- \/wp:paragraph --><\/p>\n<p><!-- wp:paragraph --><\/p>\n<p><em>Une signature peut \u00eatre demand\u00e9e \u00e0 la livraison. Merci d\u2019en tenir compte en choisissant votre adresse de livraison<\/em><\/p>\n<p><!-- \/wp:paragraph --><\/p>\n<p><!-- wp:paragraph --><\/p>\n<p><em>La livraison \u00e0 domicile est assur\u00e9e uniquement pour les grandes villes du Maroc, dans le cas contraire la livraison pourra se faire dans l&#8217;Agence Amana de la ville<\/em><\/p>\n<p><!-- \/wp:paragraph --><\/p>\n<p><!-- wp:paragraph --><\/p>\n<p>\u00a0<\/p>\n<p><!-- \/wp:paragraph --><\/p>\t\t\t\t\t\t\t\t<\/div>\n\t\t\t\t\t<\/div>\n\t\t<\/div>\n\t\t\t\t\t<\/div>\n\t\t<\/section>\n\t\t\t\t<\/div>","protected":false},"excerpt":{"rendered":"<p>Mode de livraison\u00a0:\u00a0Amana Express, Chrono Diali, Cathedis et Tlog Mode de paiement\u00a0: Cash \u00e0 la livraison. Frais de livraison\u00a0:\u00a040 Dh (gratuit pour toute commande sup\u00e9rieure \u00e0 1000 Dh) D\u00e9lai de livraison\u00a0:\u00a0Estim\u00e9e de 24h \u00e0 72h \u00e0 compter de la date de validation de votre commande. Pas de livraison le dimanche et jours f\u00e9ri\u00e9s. Les articles [&hellip;]<\/p>\n","protected":false},"author":1,"featured_media":0,"parent":0,"menu_order":0,"comment_status":"closed","ping_status":"closed","template":"","meta":{"om_disable_all_campaigns":false,"_monsterinsights_skip_tracking":false,"_monsterinsights_sitenote_active":false,"_monsterinsights_sitenote_note":"","_monsterinsights_sitenote_category":0,"_uf_show_specific_survey":0,"_uf_disable_surveys":false,"footnotes":""},"class_list":["post-1252","page","type-page","status-publish","hentry"],"yoast_head":"<!-- This site is optimized with the Yoast SEO plugin v27.5 - https:\/\/yoast.com\/product\/yoast-seo-wordpress\/ -->\n<title>Politique de livraison - Bab Elegance<\/title>\n<meta name=\"description\" content=\"BAB Elegance est une boutique d\u2019articles de mode en ligne. Nous mettons tout en \u0153uvre pour vous apporter les derni\u00e8res tendances directement\" \/>\n<meta name=\"robots\" content=\"index, follow, max-snippet:-1, max-image-preview:large, max-video-preview:-1\" \/>\n<link rel=\"canonical\" href=\"https:\/\/babelegance.ma\/ar\/politique-de-livraison\/\" \/>\n<meta property=\"og:locale\" content=\"ar_AR\" \/>\n<meta property=\"og:type\" content=\"article\" \/>\n<meta property=\"og:title\" content=\"Bab Elegance - Votre univers de mode\" \/>\n<meta property=\"og:description\" content=\"BAB Elegance est une boutique d\u2019articles de mode en ligne. Nous mettons tout en \u0153uvre pour vous apporter les derni\u00e8res tendances directement\" \/>\n<meta property=\"og:url\" content=\"https:\/\/babelegance.ma\/ar\/politique-de-livraison\/\" \/>\n<meta property=\"og:site_name\" content=\"Bab Elegance\" \/>\n<meta property=\"article:publisher\" content=\"https:\/\/facebook.com\/babelegance\" \/>\n<meta property=\"article:modified_time\" content=\"2025-09-27T18:32:29+00:00\" \/>\n<meta property=\"og:image\" content=\"http:\/\/babelegance.ma\/wp-content\/uploads\/2022\/07\/slide-1-B-FILEminimizer.jpg\" \/>\n\t<meta property=\"og:image:width\" content=\"1365\" \/>\n\t<meta property=\"og:image:height\" content=\"768\" \/>\n\t<meta property=\"og:image:type\" content=\"image\/jpeg\" \/>\n<meta name=\"twitter:card\" content=\"summary_large_image\" \/>\n<meta name=\"twitter:title\" content=\"Bab Elegance - Votre univers de mode\" \/>\n<meta name=\"twitter:description\" content=\"BAB Elegance est une boutique d\u2019articles de mode en ligne. Nous mettons tout en \u0153uvre pour vous apporter les derni\u00e8res tendances directement\" \/>\n<meta name=\"twitter:image\" content=\"https:\/\/babelegance.ma\/wp-content\/uploads\/2022\/07\/slide-1-B-FILEminimizer.jpg\" \/>\n<meta name=\"twitter:label1\" content=\"\u0648\u0642\u062a \u0627\u0644\u0642\u0631\u0627\u0621\u0629 \u0627\u0644\u0645\u064f\u0642\u062f\u0651\u0631\" \/>\n\t<meta name=\"twitter:data1\" content=\"\u062f\u0642\u064a\u0642\u0629 \u0648\u0627\u062d\u062f\u0629\" \/>\n<script type=\"application\/ld+json\" class=\"yoast-schema-graph\">{\"@context\":\"https:\\\/\\\/schema.org\",\"@graph\":[{\"@type\":\"WebPage\",\"@id\":\"https:\\\/\\\/babelegance.ma\\\/politique-de-livraison\\\/\",\"url\":\"https:\\\/\\\/babelegance.ma\\\/politique-de-livraison\\\/\",\"name\":\"Politique de livraison - Bab Elegance\",\"isPartOf\":{\"@id\":\"https:\\\/\\\/babelegance.ma\\\/#website\"},\"datePublished\":\"2022-07-07T11:30:42+00:00\",\"dateModified\":\"2025-09-27T18:32:29+00:00\",\"description\":\"BAB Elegance est une boutique d\u2019articles de mode en ligne. Nous mettons tout en \u0153uvre pour vous apporter les derni\u00e8res tendances directement\",\"breadcrumb\":{\"@id\":\"https:\\\/\\\/babelegance.ma\\\/politique-de-livraison\\\/#breadcrumb\"},\"inLanguage\":\"ar\",\"potentialAction\":[{\"@type\":\"ReadAction\",\"target\":[\"https:\\\/\\\/babelegance.ma\\\/politique-de-livraison\\\/\"]}]},{\"@type\":\"BreadcrumbList\",\"@id\":\"https:\\\/\\\/babelegance.ma\\\/politique-de-livraison\\\/#breadcrumb\",\"itemListElement\":[{\"@type\":\"ListItem\",\"position\":1,\"name\":\"Accueil\",\"item\":\"https:\\\/\\\/babelegance.ma\\\/\"},{\"@type\":\"ListItem\",\"position\":2,\"name\":\"Politique de livraison\"}]},{\"@type\":\"WebSite\",\"@id\":\"https:\\\/\\\/babelegance.ma\\\/#website\",\"url\":\"https:\\\/\\\/babelegance.ma\\\/\",\"name\":\"Bab Elegance\",\"description\":\"Votre univers de mode\",\"publisher\":{\"@id\":\"https:\\\/\\\/babelegance.ma\\\/#organization\"},\"potentialAction\":[{\"@type\":\"SearchAction\",\"target\":{\"@type\":\"EntryPoint\",\"urlTemplate\":\"https:\\\/\\\/babelegance.ma\\\/?s={search_term_string}\"},\"query-input\":{\"@type\":\"PropertyValueSpecification\",\"valueRequired\":true,\"valueName\":\"search_term_string\"}}],\"inLanguage\":\"ar\"},{\"@type\":\"Organization\",\"@id\":\"https:\\\/\\\/babelegance.ma\\\/#organization\",\"name\":\"BAB elegance\",\"url\":\"https:\\\/\\\/babelegance.ma\\\/\",\"logo\":{\"@type\":\"ImageObject\",\"inLanguage\":\"ar\",\"@id\":\"https:\\\/\\\/babelegance.ma\\\/#\\\/schema\\\/logo\\\/image\\\/\",\"url\":\"https:\\\/\\\/babelegance.ma\\\/wp-content\\\/uploads\\\/2022\\\/07\\\/logo-bab-elegance-2.png\",\"contentUrl\":\"https:\\\/\\\/babelegance.ma\\\/wp-content\\\/uploads\\\/2022\\\/07\\\/logo-bab-elegance-2.png\",\"width\":146,\"height\":94,\"caption\":\"BAB elegance\"},\"image\":{\"@id\":\"https:\\\/\\\/babelegance.ma\\\/#\\\/schema\\\/logo\\\/image\\\/\"},\"sameAs\":[\"https:\\\/\\\/facebook.com\\\/babelegance\",\"https:\\\/\\\/instagram.com\\\/babelegance\",\"https:\\\/\\\/www.youtube.com\\\/channel\\\/UCE3JJFA5VbCxy69txuxJcHQ\",\"http:\\\/\\\/vm.tiktok.com\\\/ZSedvx3Gt\\\/\"]}]}<\/script>\n<!-- \/ Yoast SEO plugin. -->","yoast_head_json":{"title":"Politique de livraison - Bab Elegance","description":"BAB Elegance est une boutique d\u2019articles de mode en ligne. Nous mettons tout en \u0153uvre pour vous apporter les derni\u00e8res tendances directement","robots":{"index":"index","follow":"follow","max-snippet":"max-snippet:-1","max-image-preview":"max-image-preview:large","max-video-preview":"max-video-preview:-1"},"canonical":"https:\/\/babelegance.ma\/ar\/politique-de-livraison\/","og_locale":"ar_AR","og_type":"article","og_title":"Bab Elegance - Votre univers de mode","og_description":"BAB Elegance est une boutique d\u2019articles de mode en ligne. Nous mettons tout en \u0153uvre pour vous apporter les derni\u00e8res tendances directement","og_url":"https:\/\/babelegance.ma\/ar\/politique-de-livraison\/","og_site_name":"Bab Elegance","article_publisher":"https:\/\/facebook.com\/babelegance","article_modified_time":"2025-09-27T18:32:29+00:00","og_image":[{"width":1365,"height":768,"url":"http:\/\/babelegance.ma\/wp-content\/uploads\/2022\/07\/slide-1-B-FILEminimizer.jpg","type":"image\/jpeg"}],"twitter_card":"summary_large_image","twitter_title":"Bab Elegance - Votre univers de mode","twitter_description":"BAB Elegance est une boutique d\u2019articles de mode en ligne. Nous mettons tout en \u0153uvre pour vous apporter les derni\u00e8res tendances directement","twitter_image":"https:\/\/babelegance.ma\/wp-content\/uploads\/2022\/07\/slide-1-B-FILEminimizer.jpg","twitter_misc":{"\u0648\u0642\u062a \u0627\u0644\u0642\u0631\u0627\u0621\u0629 \u0627\u0644\u0645\u064f\u0642\u062f\u0651\u0631":"\u062f\u0642\u064a\u0642\u0629 \u0648\u0627\u062d\u062f\u0629"},"schema":{"@context":"https:\/\/schema.org","@graph":[{"@type":"WebPage","@id":"https:\/\/babelegance.ma\/politique-de-livraison\/","url":"https:\/\/babelegance.ma\/politique-de-livraison\/","name":"Politique de livraison - Bab Elegance","isPartOf":{"@id":"https:\/\/babelegance.ma\/#website"},"datePublished":"2022-07-07T11:30:42+00:00","dateModified":"2025-09-27T18:32:29+00:00","description":"BAB Elegance est une boutique d\u2019articles de mode en ligne. Nous mettons tout en \u0153uvre pour vous apporter les derni\u00e8res tendances directement","breadcrumb":{"@id":"https:\/\/babelegance.ma\/politique-de-livraison\/#breadcrumb"},"inLanguage":"ar","potentialAction":[{"@type":"ReadAction","target":["https:\/\/babelegance.ma\/politique-de-livraison\/"]}]},{"@type":"BreadcrumbList","@id":"https:\/\/babelegance.ma\/politique-de-livraison\/#breadcrumb","itemListElement":[{"@type":"ListItem","position":1,"name":"Accueil","item":"https:\/\/babelegance.ma\/"},{"@type":"ListItem","position":2,"name":"Politique de livraison"}]},{"@type":"WebSite","@id":"https:\/\/babelegance.ma\/#website","url":"https:\/\/babelegance.ma\/","name":"Bab Elegance","description":"Votre univers de mode","publisher":{"@id":"https:\/\/babelegance.ma\/#organization"},"potentialAction":[{"@type":"SearchAction","target":{"@type":"EntryPoint","urlTemplate":"https:\/\/babelegance.ma\/?s={search_term_string}"},"query-input":{"@type":"PropertyValueSpecification","valueRequired":true,"valueName":"search_term_string"}}],"inLanguage":"ar"},{"@type":"Organization","@id":"https:\/\/babelegance.ma\/#organization","name":"BAB elegance","url":"https:\/\/babelegance.ma\/","logo":{"@type":"ImageObject","inLanguage":"ar","@id":"https:\/\/babelegance.ma\/#\/schema\/logo\/image\/","url":"https:\/\/babelegance.ma\/wp-content\/uploads\/2022\/07\/logo-bab-elegance-2.png","contentUrl":"https:\/\/babelegance.ma\/wp-content\/uploads\/2022\/07\/logo-bab-elegance-2.png","width":146,"height":94,"caption":"BAB elegance"},"image":{"@id":"https:\/\/babelegance.ma\/#\/schema\/logo\/image\/"},"sameAs":["https:\/\/facebook.com\/babelegance","https:\/\/instagram.com\/babelegance","https:\/\/www.youtube.com\/channel\/UCE3JJFA5VbCxy69txuxJcHQ","http:\/\/vm.tiktok.com\/ZSedvx3Gt\/"]}]}},"jetpack_sharing_enabled":true,"_links":{"self":[{"href":"https:\/\/babelegance.ma\/ar\/wp-json\/wp\/v2\/pages\/1252","targetHints":{"allow":["GET"]}}],"collection":[{"href":"https:\/\/babelegance.ma\/ar\/wp-json\/wp\/v2\/pages"}],"about":[{"href":"https:\/\/babelegance.ma\/ar\/wp-json\/wp\/v2\/types\/page"}],"author":[{"embeddable":true,"href":"https:\/\/babelegance.ma\/ar\/wp-json\/wp\/v2\/users\/1"}],"replies":[{"embeddable":true,"href":"https:\/\/babelegance.ma\/ar\/wp-json\/wp\/v2\/comments?post=1252"}],"version-history":[{"count":40,"href":"https:\/\/babelegance.ma\/ar\/wp-json\/wp\/v2\/pages\/1252\/revisions"}],"predecessor-version":[{"id":3560,"href":"https:\/\/babelegance.ma\/ar\/wp-json\/wp\/v2\/pages\/1252\/revisions\/3560"}],"wp:attachment":[{"href":"https:\/\/babelegance.ma\/ar\/wp-json\/wp\/v2\/media?parent=1252"}],"curies":[{"name":"wp","href":"https:\/\/api.w.org\/{rel}","templated":true}]}}